{"id":5716,"date":"2025-08-14T22:04:09","date_gmt":"2025-08-14T19:04:09","guid":{"rendered":""},"modified":"2026-04-25T12:00:46","modified_gmt":"2026-04-25T09:00:46","slug":"%d0%b4%d0%be%d0%bf%d0%be%d0%bb%d0%bd%d0%b8%d1%82%d0%b5%d0%bb%d1%8c%d0%bd%d1%8b%d0%b5-%d0%b4%d0%b0%d1%82%d1%87%d0%b8%d0%ba%d0%b8","status":"publish","type":"page","link":"https:\/\/www.medi.ee\/ru\/%d1%83%d1%81%d0%bb%d1%83%d0%b3%d0%b0-%d1%82%d1%80%d0%b5%d0%b2%d0%be%d0%b6%d0%bd%d0%be%d0%b9-%d0%ba%d0%bd%d0%be%d0%bf%d0%ba%d0%b8\/%d0%b4%d0%be%d0%bf%d0%be%d0%bb%d0%bd%d0%b8%d1%82%d0%b5%d0%bb%d1%8c%d0%bd%d1%8b%d0%b5-%d0%b4%d0%b0%d1%82%d1%87%d0%b8%d0%ba%d0%b8\/","title":{"rendered":"\u0414\u043e\u043f\u043e\u043b\u043d\u0438\u0442\u0435\u043b\u044c\u043d\u044b\u0435 \u0434\u0430\u0442\u0447\u0438\u043a\u0438"},"content":{"rendered":"<div id=\"pl-5716\"  class=\"panel-layout\" ><div id=\"pg-5716-0\"  class=\"panel-grid panel-has-style\" ><div class=\"panel-row-style panel-row-style-for-5716-0\" ><div id=\"pgc-5716-0-0\"  class=\"panel-grid-cell\" ><div id=\"panel-5716-0-0-0\" class=\"so-panel widget widget_theme-text panel-first-child panel-last-child\" data-index=\"0\" ><div\n\t\t\t\n\t\t\tclass=\"so-widget-theme-text so-widget-theme-text-base\"\n\t\t\t\n\t\t>\n<div class=\"theme-text-69f194ed634d1 text-truncated\" id=\"theme-text-69f194ed634d1-content\">\n    <p>Kasutame <strong>\u00fcle 65-aastase kogemusega, maailma juhtiva Tunstall Groupi t\u00f6\u00f6kindlaid ja innovatiivseid hoolekandetelefone, h\u00e4irenuppe ja lisaandureid<\/strong>. N\u00e4iteks Rootsis on h\u00e4irenuputeenusel juba \u00fcle 160 000 ja Soomes \u00fcle 80 000 igap\u00e4evase kasutaja. Nende riikide ja seadmetootjate aastak\u00fcmnete pikkune kogemus on ka Medi kogemustepagasi alus.<\/p>\n<p>Kasutame ainult mobiiliv\u00f5rgus t\u00f6\u00f6tavaid hoolekandetelefone ja sellest kuni 150 meetri raadiuses t\u00f6\u00f6tavat randmel v\u00f5i kaelas kantavat, <strong>mugavat, veekindlat ja laadimisvaba h\u00e4irenuppu<\/strong>. K\u00f5ige populaarsem on ekstra turvalisust pakkuv <a href=\"https:\/\/medi.ee\/hairenuputeenus\/lisaandurid\/kukkumisanduriga-hairenupp\/\"><strong>kukkumisanduriga h\u00e4irenupp<\/strong><\/a>.<\/p>\n<p>Hoolealusel endal ei pea olema kodus mingit sidevahendit, harva ongi hoolekandetelefon ainsaks h\u00e4daabi kutsumise v\u00f5imaluseks. Kasutame Telia kvaliteetseima mobiilsidev\u00f5rgus toimivaid hoolekandetelefone, ja sidekuludki katab Medi.<\/p>\n<p>Koju paigaldataval hoolekandetelefonil on k\u00e4ed-vabad k\u00f5lar ja mikrofon, mille vahendusel hoolealune saab Medi abikeskuse operaatoriga suhelda. Korteris v\u00f5i keskmise suurusega majaski on heli avatud vaheuste korral piisavalt h\u00e4sti igasse ruumi kosta. <strong>Voolukatkestuse korral s\u00e4ilib abi kutsumise v\u00f5imalus<\/strong> t\u00e4nu hoolekandetelefoni akule, mis kestab ootere\u017eiimis v\u00e4hemalt 4-5 \u00f6\u00f6p\u00e4eva.<\/p>\n<p>Medi pakutavatele seadmetele kehtib kaheaastane garantii. Tolmu- ja veekindla h\u00e4irenupu Tx4 patarei kestab ~5 aastat v\u00f5i 100 000 vajutust ehk ~5 aasta jooksul 55 vajutust p\u00e4evas. Kukkumisanduriga h\u00e4irenupu Vibby Oak patarei kestus on ~2 aastat. <strong>Seadmed on kasutajale t\u00e4iesti hooldusvabad.<\/strong><\/p>\n<\/div>\n    <a href=\"#\" class=\"read-more-link\" data-target=\"theme-text-69f194ed634d1-content\">Loe rohkem<\/a>\n    <script>\n        document.addEventListener('DOMContentLoaded', function() {\n            const link = document.querySelector('.theme-text-69f194ed634d1 + .read-more-link');\n            const content = document.querySelector('#theme-text-69f194ed634d1-content');\n            if (link && content) {\n                link.addEventListener('click', function(e) {\n                    e.preventDefault();\n                    content.classList.remove('text-truncated');\n                    link.style.display = 'none';\n                });\n            }\n        });\n    <\/script>\n\n<style>.theme-text-69f194ed634d1{color:#333;font-weight:400;font-size:1rem;line-height:{normal};margin:0 0 0 0;padding:0 0 0 0;text-align:left}.theme-text-69f194ed634d1.text-truncated{display:-webkit-box;-webkit-box-orient:vertical;-webkit-line-clamp:6;overflow:hidden;text-overflow:ellipsis}@media (max-width:767px){.theme-text-69f194ed634d1{font-size:.9rem;line-height:{normal};margin:0 0 0 0;padding:0 0 0 0;text-align:left}}<\/style><\/div><\/div><\/div><div id=\"pgc-5716-0-1\"  class=\"panel-grid-cell\" ><div id=\"panel-5716-0-1-0\" class=\"so-panel widget widget_theme-text panel-first-child panel-last-child\" data-index=\"1\" ><div\n\t\t\t\n\t\t\tclass=\"so-widget-theme-text so-widget-theme-text-base\"\n\t\t\t\n\t\t>\n<div class=\"theme-text-69f194ed63c0d text-truncated\" id=\"theme-text-69f194ed63c0d-content\">\n    <p>Standardkomplekti kuulub mobiiliv\u00f5rgus toimiv hoolekandetelefon ja veekindel-laadimisvaba (kukkumisanduriga) h\u00e4irenupp. <strong>Turvatunde suurendamiseks saab lisada muidki elusid p\u00e4\u00e4stvaid andureid<\/strong>, mis aktiveerumise korral algatavad automaatselt h\u00e4irek\u00f5ne Medi abikeskusse. Selleks, et h\u00e4daohu korral kiiremini reageerida ja vastavalt tellija soovile, saab lisada t\u00e4iendavaid andureid nagu:<\/p>\n<p><a href=\"https:\/\/medi.ee\/hairenuputeenus\/lisaandurid\/hairenupp\/\">t\u00e4iendav h\u00e4irenupp Tx4<\/a> teisele, kolmandale jne hoolealusele<\/p>\n<p><a href=\"https:\/\/medi.ee\/hairenuputeenus\/lisaandurid\/kukkumisanduriga-hairenupp\/\">kukkumisanduriga h\u00e4irenupp <em>\u201cVibby Oak\u201d<\/em><\/a><\/p>\n<p><a href=\"https:\/\/medi.ee\/hairenuputeenus\/lisaandurid\/optiline-suitsuandur\/\">optiline suitsuandur<\/a><\/p>\n<p><a href=\"https:\/\/medi.ee\/hairenuputeenus\/lisaandurid\/vingugaasiandur\/\">vingugaasiandur<\/a><\/p>\n<p><a href=\"https:\/\/medi.ee\/hairenuputeenus\/lisaandurid\/liikumisandur\/\">infrapunaga liikumisandur<\/a><\/p>\n<p><a href=\"https:\/\/medi.ee\/hairenuputeenus\/lisaandurid\/ukseandur\/\">ukseandur<\/a><\/p>\n<p><a href=\"https:\/\/medi.ee\/hairenuputeenus\/muud-abivahendid\/ravimidosaator\/\">ravimidosaator \u201cCareousel Advance\u201d<\/a><\/p>\n<p><a href=\"https:\/\/medi.ee\/hairenuputeenus\/muud-abivahendid\/pliidivalvur\/\">pliidivalvur \u201cStove Guard\u201d<\/a><\/p>\n<p>K\u00f5ik lisaandurid (v.a. ravimidosaator ja pliidivalvur) annavad h\u00e4iret saades ja anduri aktiveerudes automaatselt signaali hoolekandetelefonile, mis helistab ilma hoolealuse poolt h\u00e4irenuppu vajutamata automaatselt Medi abikeskusesse, kus operaator saab vastavalt reageerida.<\/p>\n<p><strong>Teeme k\u00f5ik selleks, et aidata ja elusid p\u00e4\u00e4sta!<\/strong><\/p>\n<\/div>\n    <a href=\"#\" class=\"read-more-link\" data-target=\"theme-text-69f194ed63c0d-content\">Loe rohkem<\/a>\n    <script>\n        document.addEventListener('DOMContentLoaded', function() {\n            const link = document.querySelector('.theme-text-69f194ed63c0d + .read-more-link');\n            const content = document.querySelector('#theme-text-69f194ed63c0d-content');\n            if (link && content) {\n                link.addEventListener('click', function(e) {\n                    e.preventDefault();\n                    content.classList.remove('text-truncated');\n                    link.style.display = 'none';\n                });\n            }\n        });\n    <\/script>\n\n<style>.theme-text-69f194ed63c0d{color:#333;font-weight:400;font-size:1rem;line-height:{normal};margin:0 0 0 0;padding:0 0 0 0;text-align:left}.theme-text-69f194ed63c0d.text-truncated{display:-webkit-box;-webkit-box-orient:vertical;-webkit-line-clamp:6;overflow:hidden;text-overflow:ellipsis}@media (max-width:767px){.theme-text-69f194ed63c0d{font-size:.9rem;line-height:{normal};margin:0 0 0 0;padding:0 0 0 0;text-align:left}}<\/style><\/div><\/div><\/div><\/div><\/div><\/div>","protected":false},"excerpt":{"rendered":"<p>Kasutame \u00fcle 65-aastase kogemusega, maailma juhtiva Tunstall Groupi t\u00f6\u00f6kindlaid ja innovatiivseid hoolekandetelefone, h\u00e4irenuppe ja lisaandureid. N\u00e4iteks Rootsis on h\u00e4irenuputeenusel juba \u00fcle 160 000 ja Soomes \u00fcle 80 000 igap\u00e4evase kasutaja. Nende riikide ja seadmetootjate aastak\u00fcmnete pikkune kogemus on ka Medi kogemustepagasi alus. Kasutame ainult mobiiliv\u00f5rgus t\u00f6\u00f6tavaid hoolekandetelefone ja sellest kuni 150 meetri raadiuses t\u00f6\u00f6tavat randmel [&hellip;]<\/p>\n","protected":false},"author":1,"featured_media":0,"parent":5395,"menu_order":0,"comment_status":"closed","ping_status":"closed","template":"","meta":{"_acf_changed":false,"footnotes":""},"class_list":["post-5716","page","type-page","status-publish","hentry"],"acf":[],"yoast_head":"<!-- This site is optimized with the Yoast SEO plugin v27.3 - https:\/\/yoast.com\/product\/yoast-seo-wordpress\/ -->\n<title>\u0414\u043e\u043f\u043e\u043b\u043d\u0438\u0442\u0435\u043b\u044c\u043d\u044b\u0435 \u0434\u0430\u0442\u0447\u0438\u043a\u0438 | Medi.ee h\u00e4irenuputeenus<\/title>\n<meta name=\"description\" content=\"Medi h\u00e4irenuputeenus on eakatele ja puuetega inimestele m\u00f5eldud sotsiaalne valveteenus, mille abil saab alati \u00fche nupuvajutusega abi kutsuda!\" \/>\n<meta name=\"robots\" content=\"index, follow, max-snippet:-1, max-image-preview:large, max-video-preview:-1\" \/>\n<link rel=\"canonical\" href=\"https:\/\/medi.ee\/ru\/\u0443\u0441\u043b\u0443\u0433\u0430-\u0442\u0440\u0435\u0432\u043e\u0436\u043d\u043e\u0439-\u043a\u043d\u043e\u043f\u043a\u0438\/\u0434\u043e\u043f\u043e\u043b\u043d\u0438\u0442\u0435\u043b\u044c\u043d\u044b\u0435-\u0434\u0430\u0442\u0447\u0438\u043a\u0438\/\" \/>\n<meta property=\"og:locale\" content=\"ru_RU\" \/>\n<meta property=\"og:type\" content=\"article\" \/>\n<meta property=\"og:title\" content=\"\u0414\u043e\u043f\u043e\u043b\u043d\u0438\u0442\u0435\u043b\u044c\u043d\u044b\u0435 \u0434\u0430\u0442\u0447\u0438\u043a\u0438 | Medi.ee h\u00e4irenuputeenus\" \/>\n<meta property=\"og:description\" content=\"Medi h\u00e4irenuputeenus on eakatele ja puuetega inimestele m\u00f5eldud sotsiaalne valveteenus, mille abil saab alati \u00fche nupuvajutusega abi kutsuda!\" \/>\n<meta property=\"og:url\" content=\"https:\/\/medi.ee\/ru\/\u0443\u0441\u043b\u0443\u0433\u0430-\u0442\u0440\u0435\u0432\u043e\u0436\u043d\u043e\u0439-\u043a\u043d\u043e\u043f\u043a\u0438\/\u0434\u043e\u043f\u043e\u043b\u043d\u0438\u0442\u0435\u043b\u044c\u043d\u044b\u0435-\u0434\u0430\u0442\u0447\u0438\u043a\u0438\/\" \/>\n<meta property=\"og:site_name\" content=\"Medi.ee h\u00e4irenuputeenus\" \/>\n<meta property=\"article:publisher\" content=\"https:\/\/www.facebook.com\/medi.ee\" \/>\n<meta property=\"article:modified_time\" content=\"2026-04-25T09:00:46+00:00\" \/>\n<meta property=\"og:image\" content=\"https:\/\/www.medi.ee\/wp-content\/uploads\/2025\/09\/Group.jpg\" \/>\n\t<meta property=\"og:image:width\" content=\"1600\" \/>\n\t<meta property=\"og:image:height\" content=\"728\" \/>\n\t<meta property=\"og:image:type\" content=\"image\/jpeg\" \/>\n<meta name=\"twitter:card\" content=\"summary_large_image\" \/>\n<script type=\"application\/ld+json\" class=\"yoast-schema-graph\">{\"@context\":\"https:\\\/\\\/schema.org\",\"@graph\":[{\"@type\":\"WebPage\",\"@id\":\"https:\\\/\\\/medi.ee\\\/ru\\\/%d1%83%d1%81%d0%bb%d1%83%d0%b3%d0%b0-%d1%82%d1%80%d0%b5%d0%b2%d0%be%d0%b6%d0%bd%d0%be%d0%b9-%d0%ba%d0%bd%d0%be%d0%bf%d0%ba%d0%b8\\\/%d0%b4%d0%be%d0%bf%d0%be%d0%bb%d0%bd%d0%b8%d1%82%d0%b5%d0%bb%d1%8c%d0%bd%d1%8b%d0%b5-%d0%b4%d0%b0%d1%82%d1%87%d0%b8%d0%ba%d0%b8\\\/\",\"url\":\"https:\\\/\\\/medi.ee\\\/ru\\\/%d1%83%d1%81%d0%bb%d1%83%d0%b3%d0%b0-%d1%82%d1%80%d0%b5%d0%b2%d0%be%d0%b6%d0%bd%d0%be%d0%b9-%d0%ba%d0%bd%d0%be%d0%bf%d0%ba%d0%b8\\\/%d0%b4%d0%be%d0%bf%d0%be%d0%bb%d0%bd%d0%b8%d1%82%d0%b5%d0%bb%d1%8c%d0%bd%d1%8b%d0%b5-%d0%b4%d0%b0%d1%82%d1%87%d0%b8%d0%ba%d0%b8\\\/\",\"name\":\"\u0414\u043e\u043f\u043e\u043b\u043d\u0438\u0442\u0435\u043b\u044c\u043d\u044b\u0435 \u0434\u0430\u0442\u0447\u0438\u043a\u0438 | Medi.ee h\u00e4irenuputeenus\",\"isPartOf\":{\"@id\":\"https:\\\/\\\/medi.ee\\\/#website\"},\"datePublished\":\"2025-08-14T19:04:09+00:00\",\"dateModified\":\"2026-04-25T09:00:46+00:00\",\"description\":\"Medi h\u00e4irenuputeenus on eakatele ja puuetega inimestele m\u00f5eldud sotsiaalne valveteenus, mille abil saab alati \u00fche nupuvajutusega abi kutsuda!\",\"breadcrumb\":{\"@id\":\"https:\\\/\\\/medi.ee\\\/ru\\\/%d1%83%d1%81%d0%bb%d1%83%d0%b3%d0%b0-%d1%82%d1%80%d0%b5%d0%b2%d0%be%d0%b6%d0%bd%d0%be%d0%b9-%d0%ba%d0%bd%d0%be%d0%bf%d0%ba%d0%b8\\\/%d0%b4%d0%be%d0%bf%d0%be%d0%bb%d0%bd%d0%b8%d1%82%d0%b5%d0%bb%d1%8c%d0%bd%d1%8b%d0%b5-%d0%b4%d0%b0%d1%82%d1%87%d0%b8%d0%ba%d0%b8\\\/#breadcrumb\"},\"inLanguage\":\"ru-RU\",\"potentialAction\":[{\"@type\":\"ReadAction\",\"target\":[\"https:\\\/\\\/medi.ee\\\/ru\\\/%d1%83%d1%81%d0%bb%d1%83%d0%b3%d0%b0-%d1%82%d1%80%d0%b5%d0%b2%d0%be%d0%b6%d0%bd%d0%be%d0%b9-%d0%ba%d0%bd%d0%be%d0%bf%d0%ba%d0%b8\\\/%d0%b4%d0%be%d0%bf%d0%be%d0%bb%d0%bd%d0%b8%d1%82%d0%b5%d0%bb%d1%8c%d0%bd%d1%8b%d0%b5-%d0%b4%d0%b0%d1%82%d1%87%d0%b8%d0%ba%d0%b8\\\/\"]}]},{\"@type\":\"BreadcrumbList\",\"@id\":\"https:\\\/\\\/medi.ee\\\/ru\\\/%d1%83%d1%81%d0%bb%d1%83%d0%b3%d0%b0-%d1%82%d1%80%d0%b5%d0%b2%d0%be%d0%b6%d0%bd%d0%be%d0%b9-%d0%ba%d0%bd%d0%be%d0%bf%d0%ba%d0%b8\\\/%d0%b4%d0%be%d0%bf%d0%be%d0%bb%d0%bd%d0%b8%d1%82%d0%b5%d0%bb%d1%8c%d0%bd%d1%8b%d0%b5-%d0%b4%d0%b0%d1%82%d1%87%d0%b8%d0%ba%d0%b8\\\/#breadcrumb\",\"itemListElement\":[{\"@type\":\"ListItem\",\"position\":1,\"name\":\"Home\",\"item\":\"https:\\\/\\\/medi.ee\\\/ru\\\/\"},{\"@type\":\"ListItem\",\"position\":2,\"name\":\"\u0423\u0441\u043b\u0443\u0433\u0430 \u043e\u0442\u0432\u043b\u0435\u0447\u0435\u043d\u0438\u044f \u0432\u043d\u0438\u043c\u0430\u043d\u0438\u044f\",\"item\":\"https:\\\/\\\/medi.ee\\\/ru\\\/%d1%83%d1%81%d0%bb%d1%83%d0%b3%d0%b0-%d1%82%d1%80%d0%b5%d0%b2%d0%be%d0%b6%d0%bd%d0%be%d0%b9-%d0%ba%d0%bd%d0%be%d0%bf%d0%ba%d0%b8\\\/\"},{\"@type\":\"ListItem\",\"position\":3,\"name\":\"\u0414\u043e\u043f\u043e\u043b\u043d\u0438\u0442\u0435\u043b\u044c\u043d\u044b\u0435 \u0434\u0430\u0442\u0447\u0438\u043a\u0438\"}]},{\"@type\":\"WebSite\",\"@id\":\"https:\\\/\\\/medi.ee\\\/#website\",\"url\":\"https:\\\/\\\/medi.ee\\\/\",\"name\":\"Medi.ee h\u00e4irenuputeenus\",\"description\":\"Medi osutab professionaalset h\u00e4irenuputeenust, muid iseseisva turvalise elamise lahendusi, erinevaid \u00f5ekutses\u00fcsteeme hooldekodudele ja t\u00f6\u00f6taja turvalisuse lahendusi ettev\u00f5tetele.\",\"publisher\":{\"@id\":\"https:\\\/\\\/medi.ee\\\/#organization\"},\"potentialAction\":[{\"@type\":\"SearchAction\",\"target\":{\"@type\":\"EntryPoint\",\"urlTemplate\":\"https:\\\/\\\/medi.ee\\\/?s={search_term_string}\"},\"query-input\":{\"@type\":\"PropertyValueSpecification\",\"valueRequired\":true,\"valueName\":\"search_term_string\"}}],\"inLanguage\":\"ru-RU\"},{\"@type\":\"Organization\",\"@id\":\"https:\\\/\\\/medi.ee\\\/#organization\",\"name\":\"Medi.ee h\u00e4irenuputeenus\",\"url\":\"https:\\\/\\\/medi.ee\\\/\",\"logo\":{\"@type\":\"ImageObject\",\"inLanguage\":\"ru-RU\",\"@id\":\"https:\\\/\\\/medi.ee\\\/#\\\/schema\\\/logo\\\/image\\\/\",\"url\":\"https:\\\/\\\/medi.ee\\\/wp-content\\\/uploads\\\/2025\\\/09\\\/medi-logo.jpg\",\"contentUrl\":\"https:\\\/\\\/medi.ee\\\/wp-content\\\/uploads\\\/2025\\\/09\\\/medi-logo.jpg\",\"width\":600,\"height\":600,\"caption\":\"Medi.ee h\u00e4irenuputeenus\"},\"image\":{\"@id\":\"https:\\\/\\\/medi.ee\\\/#\\\/schema\\\/logo\\\/image\\\/\"},\"sameAs\":[\"https:\\\/\\\/www.facebook.com\\\/medi.ee\",\"https:\\\/\\\/ee.linkedin.com\\\/company\\\/meditech-estonia\",\"https:\\\/\\\/www.instagram.com\\\/medi.hairenupp\\\/\"]}]}<\/script>\n<!-- \/ Yoast SEO plugin. -->","yoast_head_json":{"title":"\u0414\u043e\u043f\u043e\u043b\u043d\u0438\u0442\u0435\u043b\u044c\u043d\u044b\u0435 \u0434\u0430\u0442\u0447\u0438\u043a\u0438 | Medi.ee h\u00e4irenuputeenus","description":"Medi h\u00e4irenuputeenus on eakatele ja puuetega inimestele m\u00f5eldud sotsiaalne valveteenus, mille abil saab alati \u00fche nupuvajutusega abi kutsuda!","robots":{"index":"index","follow":"follow","max-snippet":"max-snippet:-1","max-image-preview":"max-image-preview:large","max-video-preview":"max-video-preview:-1"},"canonical":"https:\/\/medi.ee\/ru\/\u0443\u0441\u043b\u0443\u0433\u0430-\u0442\u0440\u0435\u0432\u043e\u0436\u043d\u043e\u0439-\u043a\u043d\u043e\u043f\u043a\u0438\/\u0434\u043e\u043f\u043e\u043b\u043d\u0438\u0442\u0435\u043b\u044c\u043d\u044b\u0435-\u0434\u0430\u0442\u0447\u0438\u043a\u0438\/","og_locale":"ru_RU","og_type":"article","og_title":"\u0414\u043e\u043f\u043e\u043b\u043d\u0438\u0442\u0435\u043b\u044c\u043d\u044b\u0435 \u0434\u0430\u0442\u0447\u0438\u043a\u0438 | Medi.ee h\u00e4irenuputeenus","og_description":"Medi h\u00e4irenuputeenus on eakatele ja puuetega inimestele m\u00f5eldud sotsiaalne valveteenus, mille abil saab alati \u00fche nupuvajutusega abi kutsuda!","og_url":"https:\/\/medi.ee\/ru\/\u0443\u0441\u043b\u0443\u0433\u0430-\u0442\u0440\u0435\u0432\u043e\u0436\u043d\u043e\u0439-\u043a\u043d\u043e\u043f\u043a\u0438\/\u0434\u043e\u043f\u043e\u043b\u043d\u0438\u0442\u0435\u043b\u044c\u043d\u044b\u0435-\u0434\u0430\u0442\u0447\u0438\u043a\u0438\/","og_site_name":"Medi.ee h\u00e4irenuputeenus","article_publisher":"https:\/\/www.facebook.com\/medi.ee","article_modified_time":"2026-04-25T09:00:46+00:00","og_image":[{"width":1600,"height":728,"url":"https:\/\/www.medi.ee\/wp-content\/uploads\/2025\/09\/Group.jpg","type":"image\/jpeg"}],"twitter_card":"summary_large_image","schema":{"@context":"https:\/\/schema.org","@graph":[{"@type":"WebPage","@id":"https:\/\/medi.ee\/ru\/%d1%83%d1%81%d0%bb%d1%83%d0%b3%d0%b0-%d1%82%d1%80%d0%b5%d0%b2%d0%be%d0%b6%d0%bd%d0%be%d0%b9-%d0%ba%d0%bd%d0%be%d0%bf%d0%ba%d0%b8\/%d0%b4%d0%be%d0%bf%d0%be%d0%bb%d0%bd%d0%b8%d1%82%d0%b5%d0%bb%d1%8c%d0%bd%d1%8b%d0%b5-%d0%b4%d0%b0%d1%82%d1%87%d0%b8%d0%ba%d0%b8\/","url":"https:\/\/medi.ee\/ru\/%d1%83%d1%81%d0%bb%d1%83%d0%b3%d0%b0-%d1%82%d1%80%d0%b5%d0%b2%d0%be%d0%b6%d0%bd%d0%be%d0%b9-%d0%ba%d0%bd%d0%be%d0%bf%d0%ba%d0%b8\/%d0%b4%d0%be%d0%bf%d0%be%d0%bb%d0%bd%d0%b8%d1%82%d0%b5%d0%bb%d1%8c%d0%bd%d1%8b%d0%b5-%d0%b4%d0%b0%d1%82%d1%87%d0%b8%d0%ba%d0%b8\/","name":"\u0414\u043e\u043f\u043e\u043b\u043d\u0438\u0442\u0435\u043b\u044c\u043d\u044b\u0435 \u0434\u0430\u0442\u0447\u0438\u043a\u0438 | Medi.ee h\u00e4irenuputeenus","isPartOf":{"@id":"https:\/\/medi.ee\/#website"},"datePublished":"2025-08-14T19:04:09+00:00","dateModified":"2026-04-25T09:00:46+00:00","description":"Medi h\u00e4irenuputeenus on eakatele ja puuetega inimestele m\u00f5eldud sotsiaalne valveteenus, mille abil saab alati \u00fche nupuvajutusega abi kutsuda!","breadcrumb":{"@id":"https:\/\/medi.ee\/ru\/%d1%83%d1%81%d0%bb%d1%83%d0%b3%d0%b0-%d1%82%d1%80%d0%b5%d0%b2%d0%be%d0%b6%d0%bd%d0%be%d0%b9-%d0%ba%d0%bd%d0%be%d0%bf%d0%ba%d0%b8\/%d0%b4%d0%be%d0%bf%d0%be%d0%bb%d0%bd%d0%b8%d1%82%d0%b5%d0%bb%d1%8c%d0%bd%d1%8b%d0%b5-%d0%b4%d0%b0%d1%82%d1%87%d0%b8%d0%ba%d0%b8\/#breadcrumb"},"inLanguage":"ru-RU","potentialAction":[{"@type":"ReadAction","target":["https:\/\/medi.ee\/ru\/%d1%83%d1%81%d0%bb%d1%83%d0%b3%d0%b0-%d1%82%d1%80%d0%b5%d0%b2%d0%be%d0%b6%d0%bd%d0%be%d0%b9-%d0%ba%d0%bd%d0%be%d0%bf%d0%ba%d0%b8\/%d0%b4%d0%be%d0%bf%d0%be%d0%bb%d0%bd%d0%b8%d1%82%d0%b5%d0%bb%d1%8c%d0%bd%d1%8b%d0%b5-%d0%b4%d0%b0%d1%82%d1%87%d0%b8%d0%ba%d0%b8\/"]}]},{"@type":"BreadcrumbList","@id":"https:\/\/medi.ee\/ru\/%d1%83%d1%81%d0%bb%d1%83%d0%b3%d0%b0-%d1%82%d1%80%d0%b5%d0%b2%d0%be%d0%b6%d0%bd%d0%be%d0%b9-%d0%ba%d0%bd%d0%be%d0%bf%d0%ba%d0%b8\/%d0%b4%d0%be%d0%bf%d0%be%d0%bb%d0%bd%d0%b8%d1%82%d0%b5%d0%bb%d1%8c%d0%bd%d1%8b%d0%b5-%d0%b4%d0%b0%d1%82%d1%87%d0%b8%d0%ba%d0%b8\/#breadcrumb","itemListElement":[{"@type":"ListItem","position":1,"name":"Home","item":"https:\/\/medi.ee\/ru\/"},{"@type":"ListItem","position":2,"name":"\u0423\u0441\u043b\u0443\u0433\u0430 \u043e\u0442\u0432\u043b\u0435\u0447\u0435\u043d\u0438\u044f \u0432\u043d\u0438\u043c\u0430\u043d\u0438\u044f","item":"https:\/\/medi.ee\/ru\/%d1%83%d1%81%d0%bb%d1%83%d0%b3%d0%b0-%d1%82%d1%80%d0%b5%d0%b2%d0%be%d0%b6%d0%bd%d0%be%d0%b9-%d0%ba%d0%bd%d0%be%d0%bf%d0%ba%d0%b8\/"},{"@type":"ListItem","position":3,"name":"\u0414\u043e\u043f\u043e\u043b\u043d\u0438\u0442\u0435\u043b\u044c\u043d\u044b\u0435 \u0434\u0430\u0442\u0447\u0438\u043a\u0438"}]},{"@type":"WebSite","@id":"https:\/\/medi.ee\/#website","url":"https:\/\/medi.ee\/","name":"Medi.ee h\u00e4irenuputeenus","description":"Medi osutab professionaalset h\u00e4irenuputeenust, muid iseseisva turvalise elamise lahendusi, erinevaid \u00f5ekutses\u00fcsteeme hooldekodudele ja t\u00f6\u00f6taja turvalisuse lahendusi ettev\u00f5tetele.","publisher":{"@id":"https:\/\/medi.ee\/#organization"},"potentialAction":[{"@type":"SearchAction","target":{"@type":"EntryPoint","urlTemplate":"https:\/\/medi.ee\/?s={search_term_string}"},"query-input":{"@type":"PropertyValueSpecification","valueRequired":true,"valueName":"search_term_string"}}],"inLanguage":"ru-RU"},{"@type":"Organization","@id":"https:\/\/medi.ee\/#organization","name":"Medi.ee h\u00e4irenuputeenus","url":"https:\/\/medi.ee\/","logo":{"@type":"ImageObject","inLanguage":"ru-RU","@id":"https:\/\/medi.ee\/#\/schema\/logo\/image\/","url":"https:\/\/medi.ee\/wp-content\/uploads\/2025\/09\/medi-logo.jpg","contentUrl":"https:\/\/medi.ee\/wp-content\/uploads\/2025\/09\/medi-logo.jpg","width":600,"height":600,"caption":"Medi.ee h\u00e4irenuputeenus"},"image":{"@id":"https:\/\/medi.ee\/#\/schema\/logo\/image\/"},"sameAs":["https:\/\/www.facebook.com\/medi.ee","https:\/\/ee.linkedin.com\/company\/meditech-estonia","https:\/\/www.instagram.com\/medi.hairenupp\/"]}]}},"_links":{"self":[{"href":"https:\/\/www.medi.ee\/ru\/wp-json\/wp\/v2\/pages\/5716","targetHints":{"allow":["GET"]}}],"collection":[{"href":"https:\/\/www.medi.ee\/ru\/wp-json\/wp\/v2\/pages"}],"about":[{"href":"https:\/\/www.medi.ee\/ru\/wp-json\/wp\/v2\/types\/page"}],"author":[{"embeddable":true,"href":"https:\/\/www.medi.ee\/ru\/wp-json\/wp\/v2\/users\/1"}],"replies":[{"embeddable":true,"href":"https:\/\/www.medi.ee\/ru\/wp-json\/wp\/v2\/comments?post=5716"}],"version-history":[{"count":1,"href":"https:\/\/www.medi.ee\/ru\/wp-json\/wp\/v2\/pages\/5716\/revisions"}],"predecessor-version":[{"id":5717,"href":"https:\/\/www.medi.ee\/ru\/wp-json\/wp\/v2\/pages\/5716\/revisions\/5717"}],"up":[{"embeddable":true,"href":"https:\/\/www.medi.ee\/ru\/wp-json\/wp\/v2\/pages\/5395"}],"wp:attachment":[{"href":"https:\/\/www.medi.ee\/ru\/wp-json\/wp\/v2\/media?parent=5716"}],"curies":[{"name":"wp","href":"https:\/\/api.w.org\/{rel}","templated":true}]}}