{"id":5696,"date":"2025-09-16T15:20:19","date_gmt":"2025-09-16T12:20:19","guid":{"rendered":"https:\/\/medi.ee\/%d1%81%d0%b8%d0%b3%d0%bd%d0%b0%d0%bb-%d1%82%d1%80%d0%b5%d0%b2%d0%be%d0%b3%d0%b8-tx4\/"},"modified":"2026-04-25T12:00:46","modified_gmt":"2026-04-25T09:00:46","slug":"%d1%81%d0%b8%d0%b3%d0%bd%d0%b0%d0%bb-%d1%82%d1%80%d0%b5%d0%b2%d0%be%d0%b3%d0%b8-tx4","status":"publish","type":"page","link":"https:\/\/www.medi.ee\/ru\/%d1%83%d1%81%d0%bb%d1%83%d0%b3%d0%b0-%d1%82%d1%80%d0%b5%d0%b2%d0%be%d0%b6%d0%bd%d0%be%d0%b9-%d0%ba%d0%bd%d0%be%d0%bf%d0%ba%d0%b8\/%d0%b4%d0%be%d0%bf%d0%be%d0%bb%d0%bd%d0%b8%d1%82%d0%b5%d0%bb%d1%8c%d0%bd%d1%8b%d0%b5-%d0%b4%d0%b0%d1%82%d1%87%d0%b8%d0%ba%d0%b8\/%d1%81%d0%b8%d0%b3%d0%bd%d0%b0%d0%bb-%d1%82%d1%80%d0%b5%d0%b2%d0%be%d0%b3%d0%b8-tx4\/","title":{"rendered":"\u0421\u0438\u0433\u043d\u0430\u043b \u0442\u0440\u0435\u0432\u043e\u0433\u0438 Tx4"},"content":{"rendered":"<div id=\"pl-5696\"  class=\"panel-layout\" ><div id=\"pg-5696-0\"  class=\"panel-grid panel-has-style\" ><div class=\"panel-row-style panel-row-style-for-5696-0\" ><div id=\"pgc-5696-0-0\"  class=\"panel-grid-cell\" ><div id=\"panel-5696-0-0-0\" class=\"so-panel widget widget_theme-text panel-first-child panel-last-child\" data-index=\"0\" ><div\n\t\t\t\n\t\t\tclass=\"so-widget-theme-text so-widget-theme-text-base\"\n\t\t\t\n\t\t>\n<div class=\"theme-text-69f654ab211d7 text-truncated\" id=\"theme-text-69f654ab211d7-content\">\n    <p>H\u00e4irenupu Tx4 p\u00f5hiomadused:<\/p>\n<ul>\n<li><strong>Maailma parimaks valitud h\u00e4irenupp<\/strong><\/li>\n<li>T\u00f6\u00f6tab seadmest\u00a0<strong>kuni 150 m raadiuses<\/strong><\/li>\n<li>Kantav nii\u00a0<strong>randmel kui kaelas<\/strong><\/li>\n<li><strong>Veekindel<\/strong>, kuni pool tundi kuni 1 m vee all<\/li>\n<li><strong>Patarei kestus 5 aastat\u00a0<\/strong>\/ 100 000 vajutust<\/li>\n<\/ul>\n<p>Tunstalli h\u00e4irenupp Tx4 on tunnistatud <strong>maailma parimaks h\u00e4irenupuks<\/strong>. Seda t\u00e4nu nupu t\u00f6\u00f6kindlusele, kasutusmugavusele, disainile, \u00fclipikale patarei kestusele ja regulaarse \u00fchenduse kontrollile hoolekandetelefoniga.<\/p>\n<p>H\u00e4irenupp t\u00f6\u00f6tab hoolekandetelefonist kuni\u00a0<strong>150 meetri raadiuses<\/strong>. Leviala v\u00f5ivad m\u00f5jutada hoonete konstruktsioonid ja kasutatud materjalid. Iga korteri v\u00f5i elumaja katab h\u00e4irenupp igal juhul edukalt \u00e4ra.<\/p>\n<p><strong>H\u00e4irenupp on veekindel<\/strong>\u00a0\u2013 standardi IP67 j\u00e4rgi peab nupp vastu\u00a0<strong>pool tundi kuni 1-meetrise vee all<\/strong>. Seega soovitame rangelt kanda h\u00e4irenuppu ka du\u0161i all. Sest vannitoas on p\u00f5rand libe ja seal on kukkumisoht suurem. K\u00fcll aga ei tasu h\u00e4irenuppu kuuma sauna kaasa v\u00f5tta, see kahandab patarei kestust.<\/p>\n<p><strong>Tolmu- ja veekindla h\u00e4irenupu\u00a0patarei kestab 5 aastat\u00a0<\/strong>v\u00f5i\u00a0100 000 vajutust. Kui patarei mahtuvus langeb alla 20%, annab hoolekandetelefon sellest Medi tehnilisele platvormile automaatselt m\u00e4rku. Seej\u00e4rel suhtleme teenuse tellijaga ja korraldame t\u00fchjeneva h\u00e4irenupu asendamise uue patareiga.<\/p>\n<\/div>\n    <a href=\"#\" class=\"read-more-link\" data-target=\"theme-text-69f654ab211d7-content\">Loe rohkem<\/a>\n    <script>\n        document.addEventListener('DOMContentLoaded', function() {\n            const link = document.querySelector('.theme-text-69f654ab211d7 + .read-more-link');\n            const content = document.querySelector('#theme-text-69f654ab211d7-content');\n            if (link && content) {\n                link.addEventListener('click', function(e) {\n                    e.preventDefault();\n                    content.classList.remove('text-truncated');\n                    link.style.display = 'none';\n                });\n            }\n        });\n    <\/script>\n\n<style>.theme-text-69f654ab211d7{color:#333;font-weight:400;font-size:1rem;line-height:{normal};margin:0 0 0 0;padding:0 0 0 0;text-align:left}.theme-text-69f654ab211d7.text-truncated{display:-webkit-box;-webkit-box-orient:vertical;-webkit-line-clamp:7;overflow:hidden;text-overflow:ellipsis}@media (max-width:767px){.theme-text-69f654ab211d7{font-size:.9rem;line-height:{normal};margin:0 0 0 0;padding:0 0 0 0;text-align:left}}<\/style><\/div><\/div><\/div><div id=\"pgc-5696-0-1\"  class=\"panel-grid-cell\" ><div id=\"panel-5696-0-1-0\" class=\"so-panel widget widget_theme-text panel-first-child panel-last-child\" data-index=\"1\" ><div\n\t\t\t\n\t\t\tclass=\"so-widget-theme-text so-widget-theme-text-base\"\n\t\t\t\n\t\t>\n<div class=\"theme-text-69f654ab21913 text-truncated\" id=\"theme-text-69f654ab21913-content\">\n    <p><img loading=\"lazy\" decoding=\"async\" class=\"rounded-image-corners alignnone wp-image-4523 size-full\" src=\"https:\/\/medi.ee\/wp-content\/uploads\/2025\/09\/hairenupp.jpg\" alt=\"\" width=\"500\" height=\"332\" srcset=\"https:\/\/www.medi.ee\/wp-content\/uploads\/2025\/09\/hairenupp.jpg 500w, https:\/\/www.medi.ee\/wp-content\/uploads\/2025\/09\/hairenupp-300x199.jpg 300w, https:\/\/www.medi.ee\/wp-content\/uploads\/2025\/09\/hairenupp-272x182.jpg 272w\" sizes=\"auto, (max-width: 500px) 100vw, 500px\" \/><\/p>\n<p>Toimub ka\u00a0<strong>regulaarne h\u00e4irenupu olemasolu<\/strong>\u00a0ja<strong> seadmestiku toimivuse kontroll<\/strong>. Kui h\u00e4irenupp lahkub hoolekandetelefonist kauemaks kui etten\u00e4htud paar p\u00e4eva, annab hoolekandetelefon sellest meie s\u00fcsteemile automaatselt teada. Meie tagame, et seadmed teevad seda, mida tegema peavad - valvavad inimese elu ja tervise \u00fcle.<\/p>\n<p>\u00dche\u00a0<strong>hoolekandetelefoniga saab siduda kuni 16 h\u00e4irenuppu<\/strong>\u00a0v\u00f5i lisaandurit. See on vajalik juhul, kui h\u00e4irenuputeenust kasutab koos elav paar v\u00f5i rohkem inimesi. Nt sotsiaalkorterites on kasulik \u00fche hoolekandetelefoni k\u00fclge mitme inimese ja h\u00e4irenupu \u00fchendamine.<\/p>\n<p><strong>H\u00e4irenupp on v\u00e4ike, mugav ja elusid p\u00e4\u00e4stev abivahend!<\/strong><\/p>\n<\/div>\n    <a href=\"#\" class=\"read-more-link\" data-target=\"theme-text-69f654ab21913-content\">Loe rohkem<\/a>\n    <script>\n        document.addEventListener('DOMContentLoaded', function() {\n            const link = document.querySelector('.theme-text-69f654ab21913 + .read-more-link');\n            const content = document.querySelector('#theme-text-69f654ab21913-content');\n            if (link && content) {\n                link.addEventListener('click', function(e) {\n                    e.preventDefault();\n                    content.classList.remove('text-truncated');\n                    link.style.display = 'none';\n                });\n            }\n        });\n    <\/script>\n\n<style>.theme-text-69f654ab21913{color:#333;font-weight:400;font-size:1rem;line-height:{normal};margin:0 0 0 0;padding:0 0 0 0;text-align:left}.theme-text-69f654ab21913.text-truncated{display:-webkit-box;-webkit-box-orient:vertical;-webkit-line-clamp:4;overflow:hidden;text-overflow:ellipsis}@media (max-width:767px){.theme-text-69f654ab21913{font-size:.9rem;line-height:{normal};margin:0 0 0 0;padding:0 0 0 0;text-align:left}}<\/style><\/div><\/div><\/div><\/div><\/div><\/div>","protected":false},"excerpt":{"rendered":"<p>H\u00e4irenupu Tx4 p\u00f5hiomadused: Maailma parimaks valitud h\u00e4irenupp T\u00f6\u00f6tab seadmest\u00a0kuni 150 m raadiuses Kantav nii\u00a0randmel kui kaelas Veekindel, kuni pool tundi kuni 1 m vee all Patarei kestus 5 aastat\u00a0\/ 100 000 vajutust Tunstalli h\u00e4irenupp Tx4 on tunnistatud maailma parimaks h\u00e4irenupuks. Seda t\u00e4nu nupu t\u00f6\u00f6kindlusele, kasutusmugavusele, disainile, \u00fclipikale patarei kestusele ja regulaarse \u00fchenduse kontrollile hoolekandetelefoniga. H\u00e4irenupp [&hellip;]<\/p>\n","protected":false},"author":1,"featured_media":0,"parent":5716,"menu_order":0,"comment_status":"closed","ping_status":"closed","template":"","meta":{"_acf_changed":false,"footnotes":""},"class_list":["post-5696","page","type-page","status-publish","hentry"],"acf":[],"yoast_head":"<!-- This site is optimized with the Yoast SEO plugin v27.3 - https:\/\/yoast.com\/product\/yoast-seo-wordpress\/ -->\n<title>\u0421\u0438\u0433\u043d\u0430\u043b \u0442\u0440\u0435\u0432\u043e\u0433\u0438 Tx4 | Medi.ee h\u00e4irenuputeenus<\/title>\n<meta name=\"description\" content=\"Medi h\u00e4irenuputeenus on eakatele ja puuetega inimestele m\u00f5eldud sotsiaalne valveteenus, mille abil saab alati \u00fche nupuvajutusega abi kutsuda!\" \/>\n<meta name=\"robots\" content=\"index, follow, max-snippet:-1, max-image-preview:large, max-video-preview:-1\" \/>\n<link rel=\"canonical\" href=\"https:\/\/www.medi.ee\/ru\/\u0443\u0441\u043b\u0443\u0433\u0430-\u0442\u0440\u0435\u0432\u043e\u0436\u043d\u043e\u0439-\u043a\u043d\u043e\u043f\u043a\u0438\/\u0434\u043e\u043f\u043e\u043b\u043d\u0438\u0442\u0435\u043b\u044c\u043d\u044b\u0435-\u0434\u0430\u0442\u0447\u0438\u043a\u0438\/\u0441\u0438\u0433\u043d\u0430\u043b-\u0442\u0440\u0435\u0432\u043e\u0433\u0438-tx4\/\" \/>\n<meta property=\"og:locale\" content=\"ru_RU\" \/>\n<meta property=\"og:type\" content=\"article\" \/>\n<meta property=\"og:title\" content=\"\u0421\u0438\u0433\u043d\u0430\u043b \u0442\u0440\u0435\u0432\u043e\u0433\u0438 Tx4 | Medi.ee h\u00e4irenuputeenus\" \/>\n<meta property=\"og:description\" content=\"Medi h\u00e4irenuputeenus on eakatele ja puuetega inimestele m\u00f5eldud sotsiaalne valveteenus, mille abil saab alati \u00fche nupuvajutusega abi kutsuda!\" \/>\n<meta property=\"og:url\" content=\"https:\/\/www.medi.ee\/ru\/\u0443\u0441\u043b\u0443\u0433\u0430-\u0442\u0440\u0435\u0432\u043e\u0436\u043d\u043e\u0439-\u043a\u043d\u043e\u043f\u043a\u0438\/\u0434\u043e\u043f\u043e\u043b\u043d\u0438\u0442\u0435\u043b\u044c\u043d\u044b\u0435-\u0434\u0430\u0442\u0447\u0438\u043a\u0438\/\u0441\u0438\u0433\u043d\u0430\u043b-\u0442\u0440\u0435\u0432\u043e\u0433\u0438-tx4\/\" \/>\n<meta property=\"og:site_name\" content=\"Medi.ee h\u00e4irenuputeenus\" \/>\n<meta property=\"article:publisher\" content=\"https:\/\/www.facebook.com\/medi.ee\" \/>\n<meta property=\"article:modified_time\" content=\"2026-04-25T09:00:46+00:00\" \/>\n<meta property=\"og:image\" content=\"https:\/\/www.medi.ee\/wp-content\/uploads\/2025\/09\/Group.jpg\" \/>\n\t<meta property=\"og:image:width\" content=\"1600\" \/>\n\t<meta property=\"og:image:height\" content=\"728\" \/>\n\t<meta property=\"og:image:type\" content=\"image\/jpeg\" \/>\n<meta name=\"twitter:card\" content=\"summary_large_image\" \/>\n<script type=\"application\/ld+json\" class=\"yoast-schema-graph\">{\"@context\":\"https:\\\/\\\/schema.org\",\"@graph\":[{\"@type\":\"WebPage\",\"@id\":\"https:\\\/\\\/www.medi.ee\\\/ru\\\/%d1%83%d1%81%d0%bb%d1%83%d0%b3%d0%b0-%d1%82%d1%80%d0%b5%d0%b2%d0%be%d0%b6%d0%bd%d0%be%d0%b9-%d0%ba%d0%bd%d0%be%d0%bf%d0%ba%d0%b8\\\/%d0%b4%d0%be%d0%bf%d0%be%d0%bb%d0%bd%d0%b8%d1%82%d0%b5%d0%bb%d1%8c%d0%bd%d1%8b%d0%b5-%d0%b4%d0%b0%d1%82%d1%87%d0%b8%d0%ba%d0%b8\\\/%d1%81%d0%b8%d0%b3%d0%bd%d0%b0%d0%bb-%d1%82%d1%80%d0%b5%d0%b2%d0%be%d0%b3%d0%b8-tx4\\\/\",\"url\":\"https:\\\/\\\/www.medi.ee\\\/ru\\\/%d1%83%d1%81%d0%bb%d1%83%d0%b3%d0%b0-%d1%82%d1%80%d0%b5%d0%b2%d0%be%d0%b6%d0%bd%d0%be%d0%b9-%d0%ba%d0%bd%d0%be%d0%bf%d0%ba%d0%b8\\\/%d0%b4%d0%be%d0%bf%d0%be%d0%bb%d0%bd%d0%b8%d1%82%d0%b5%d0%bb%d1%8c%d0%bd%d1%8b%d0%b5-%d0%b4%d0%b0%d1%82%d1%87%d0%b8%d0%ba%d0%b8\\\/%d1%81%d0%b8%d0%b3%d0%bd%d0%b0%d0%bb-%d1%82%d1%80%d0%b5%d0%b2%d0%be%d0%b3%d0%b8-tx4\\\/\",\"name\":\"\u0421\u0438\u0433\u043d\u0430\u043b \u0442\u0440\u0435\u0432\u043e\u0433\u0438 Tx4 | Medi.ee h\u00e4irenuputeenus\",\"isPartOf\":{\"@id\":\"https:\\\/\\\/www.medi.ee\\\/ru\\\/#website\"},\"datePublished\":\"2025-09-16T12:20:19+00:00\",\"dateModified\":\"2026-04-25T09:00:46+00:00\",\"description\":\"Medi h\u00e4irenuputeenus on eakatele ja puuetega inimestele m\u00f5eldud sotsiaalne valveteenus, mille abil saab alati \u00fche nupuvajutusega abi kutsuda!\",\"breadcrumb\":{\"@id\":\"https:\\\/\\\/www.medi.ee\\\/ru\\\/%d1%83%d1%81%d0%bb%d1%83%d0%b3%d0%b0-%d1%82%d1%80%d0%b5%d0%b2%d0%be%d0%b6%d0%bd%d0%be%d0%b9-%d0%ba%d0%bd%d0%be%d0%bf%d0%ba%d0%b8\\\/%d0%b4%d0%be%d0%bf%d0%be%d0%bb%d0%bd%d0%b8%d1%82%d0%b5%d0%bb%d1%8c%d0%bd%d1%8b%d0%b5-%d0%b4%d0%b0%d1%82%d1%87%d0%b8%d0%ba%d0%b8\\\/%d1%81%d0%b8%d0%b3%d0%bd%d0%b0%d0%bb-%d1%82%d1%80%d0%b5%d0%b2%d0%be%d0%b3%d0%b8-tx4\\\/#breadcrumb\"},\"inLanguage\":\"ru-RU\",\"potentialAction\":[{\"@type\":\"ReadAction\",\"target\":[\"https:\\\/\\\/www.medi.ee\\\/ru\\\/%d1%83%d1%81%d0%bb%d1%83%d0%b3%d0%b0-%d1%82%d1%80%d0%b5%d0%b2%d0%be%d0%b6%d0%bd%d0%be%d0%b9-%d0%ba%d0%bd%d0%be%d0%bf%d0%ba%d0%b8\\\/%d0%b4%d0%be%d0%bf%d0%be%d0%bb%d0%bd%d0%b8%d1%82%d0%b5%d0%bb%d1%8c%d0%bd%d1%8b%d0%b5-%d0%b4%d0%b0%d1%82%d1%87%d0%b8%d0%ba%d0%b8\\\/%d1%81%d0%b8%d0%b3%d0%bd%d0%b0%d0%bb-%d1%82%d1%80%d0%b5%d0%b2%d0%be%d0%b3%d0%b8-tx4\\\/\"]}]},{\"@type\":\"BreadcrumbList\",\"@id\":\"https:\\\/\\\/www.medi.ee\\\/ru\\\/%d1%83%d1%81%d0%bb%d1%83%d0%b3%d0%b0-%d1%82%d1%80%d0%b5%d0%b2%d0%be%d0%b6%d0%bd%d0%be%d0%b9-%d0%ba%d0%bd%d0%be%d0%bf%d0%ba%d0%b8\\\/%d0%b4%d0%be%d0%bf%d0%be%d0%bb%d0%bd%d0%b8%d1%82%d0%b5%d0%bb%d1%8c%d0%bd%d1%8b%d0%b5-%d0%b4%d0%b0%d1%82%d1%87%d0%b8%d0%ba%d0%b8\\\/%d1%81%d0%b8%d0%b3%d0%bd%d0%b0%d0%bb-%d1%82%d1%80%d0%b5%d0%b2%d0%be%d0%b3%d0%b8-tx4\\\/#breadcrumb\",\"itemListElement\":[{\"@type\":\"ListItem\",\"position\":1,\"name\":\"Home\",\"item\":\"https:\\\/\\\/medi.ee\\\/ru\\\/\"},{\"@type\":\"ListItem\",\"position\":2,\"name\":\"\u0423\u0441\u043b\u0443\u0433\u0430 \u043e\u0442\u0432\u043b\u0435\u0447\u0435\u043d\u0438\u044f \u0432\u043d\u0438\u043c\u0430\u043d\u0438\u044f\",\"item\":\"https:\\\/\\\/medi.ee\\\/ru\\\/%d1%83%d1%81%d0%bb%d1%83%d0%b3%d0%b0-%d1%82%d1%80%d0%b5%d0%b2%d0%be%d0%b6%d0%bd%d0%be%d0%b9-%d0%ba%d0%bd%d0%be%d0%bf%d0%ba%d0%b8\\\/\"},{\"@type\":\"ListItem\",\"position\":3,\"name\":\"\u0414\u043e\u043f\u043e\u043b\u043d\u0438\u0442\u0435\u043b\u044c\u043d\u044b\u0435 \u0434\u0430\u0442\u0447\u0438\u043a\u0438\",\"item\":\"https:\\\/\\\/www.medi.ee\\\/ru\\\/%d1%83%d1%81%d0%bb%d1%83%d0%b3%d0%b0-%d1%82%d1%80%d0%b5%d0%b2%d0%be%d0%b6%d0%bd%d0%be%d0%b9-%d0%ba%d0%bd%d0%be%d0%bf%d0%ba%d0%b8\\\/%d0%b4%d0%be%d0%bf%d0%be%d0%bb%d0%bd%d0%b8%d1%82%d0%b5%d0%bb%d1%8c%d0%bd%d1%8b%d0%b5-%d0%b4%d0%b0%d1%82%d1%87%d0%b8%d0%ba%d0%b8\\\/\"},{\"@type\":\"ListItem\",\"position\":4,\"name\":\"\u0421\u0438\u0433\u043d\u0430\u043b \u0442\u0440\u0435\u0432\u043e\u0433\u0438 Tx4\"}]},{\"@type\":\"WebSite\",\"@id\":\"https:\\\/\\\/www.medi.ee\\\/ru\\\/#website\",\"url\":\"https:\\\/\\\/www.medi.ee\\\/ru\\\/\",\"name\":\"Medi.ee h\u00e4irenuputeenus\",\"description\":\"Medi osutab professionaalset h\u00e4irenuputeenust, muid iseseisva turvalise elamise lahendusi, erinevaid \u00f5ekutses\u00fcsteeme hooldekodudele ja t\u00f6\u00f6taja turvalisuse lahendusi ettev\u00f5tetele.\",\"publisher\":{\"@id\":\"https:\\\/\\\/www.medi.ee\\\/ru\\\/#organization\"},\"potentialAction\":[{\"@type\":\"SearchAction\",\"target\":{\"@type\":\"EntryPoint\",\"urlTemplate\":\"https:\\\/\\\/www.medi.ee\\\/ru\\\/?s={search_term_string}\"},\"query-input\":{\"@type\":\"PropertyValueSpecification\",\"valueRequired\":true,\"valueName\":\"search_term_string\"}}],\"inLanguage\":\"ru-RU\"},{\"@type\":\"Organization\",\"@id\":\"https:\\\/\\\/www.medi.ee\\\/ru\\\/#organization\",\"name\":\"Medi.ee h\u00e4irenuputeenus\",\"url\":\"https:\\\/\\\/www.medi.ee\\\/ru\\\/\",\"logo\":{\"@type\":\"ImageObject\",\"inLanguage\":\"ru-RU\",\"@id\":\"https:\\\/\\\/www.medi.ee\\\/ru\\\/#\\\/schema\\\/logo\\\/image\\\/\",\"url\":\"https:\\\/\\\/medi.ee\\\/wp-content\\\/uploads\\\/2025\\\/09\\\/medi-logo.jpg\",\"contentUrl\":\"https:\\\/\\\/medi.ee\\\/wp-content\\\/uploads\\\/2025\\\/09\\\/medi-logo.jpg\",\"width\":600,\"height\":600,\"caption\":\"Medi.ee h\u00e4irenuputeenus\"},\"image\":{\"@id\":\"https:\\\/\\\/www.medi.ee\\\/ru\\\/#\\\/schema\\\/logo\\\/image\\\/\"},\"sameAs\":[\"https:\\\/\\\/www.facebook.com\\\/medi.ee\",\"https:\\\/\\\/ee.linkedin.com\\\/company\\\/meditech-estonia\",\"https:\\\/\\\/www.instagram.com\\\/medi.hairenupp\\\/\"]}]}<\/script>\n<!-- \/ Yoast SEO plugin. -->","yoast_head_json":{"title":"\u0421\u0438\u0433\u043d\u0430\u043b \u0442\u0440\u0435\u0432\u043e\u0433\u0438 Tx4 | Medi.ee h\u00e4irenuputeenus","description":"Medi h\u00e4irenuputeenus on eakatele ja puuetega inimestele m\u00f5eldud sotsiaalne valveteenus, mille abil saab alati \u00fche nupuvajutusega abi kutsuda!","robots":{"index":"index","follow":"follow","max-snippet":"max-snippet:-1","max-image-preview":"max-image-preview:large","max-video-preview":"max-video-preview:-1"},"canonical":"https:\/\/www.medi.ee\/ru\/\u0443\u0441\u043b\u0443\u0433\u0430-\u0442\u0440\u0435\u0432\u043e\u0436\u043d\u043e\u0439-\u043a\u043d\u043e\u043f\u043a\u0438\/\u0434\u043e\u043f\u043e\u043b\u043d\u0438\u0442\u0435\u043b\u044c\u043d\u044b\u0435-\u0434\u0430\u0442\u0447\u0438\u043a\u0438\/\u0441\u0438\u0433\u043d\u0430\u043b-\u0442\u0440\u0435\u0432\u043e\u0433\u0438-tx4\/","og_locale":"ru_RU","og_type":"article","og_title":"\u0421\u0438\u0433\u043d\u0430\u043b \u0442\u0440\u0435\u0432\u043e\u0433\u0438 Tx4 | Medi.ee h\u00e4irenuputeenus","og_description":"Medi h\u00e4irenuputeenus on eakatele ja puuetega inimestele m\u00f5eldud sotsiaalne valveteenus, mille abil saab alati \u00fche nupuvajutusega abi kutsuda!","og_url":"https:\/\/www.medi.ee\/ru\/\u0443\u0441\u043b\u0443\u0433\u0430-\u0442\u0440\u0435\u0432\u043e\u0436\u043d\u043e\u0439-\u043a\u043d\u043e\u043f\u043a\u0438\/\u0434\u043e\u043f\u043e\u043b\u043d\u0438\u0442\u0435\u043b\u044c\u043d\u044b\u0435-\u0434\u0430\u0442\u0447\u0438\u043a\u0438\/\u0441\u0438\u0433\u043d\u0430\u043b-\u0442\u0440\u0435\u0432\u043e\u0433\u0438-tx4\/","og_site_name":"Medi.ee h\u00e4irenuputeenus","article_publisher":"https:\/\/www.facebook.com\/medi.ee","article_modified_time":"2026-04-25T09:00:46+00:00","og_image":[{"width":1600,"height":728,"url":"https:\/\/www.medi.ee\/wp-content\/uploads\/2025\/09\/Group.jpg","type":"image\/jpeg"}],"twitter_card":"summary_large_image","schema":{"@context":"https:\/\/schema.org","@graph":[{"@type":"WebPage","@id":"https:\/\/www.medi.ee\/ru\/%d1%83%d1%81%d0%bb%d1%83%d0%b3%d0%b0-%d1%82%d1%80%d0%b5%d0%b2%d0%be%d0%b6%d0%bd%d0%be%d0%b9-%d0%ba%d0%bd%d0%be%d0%bf%d0%ba%d0%b8\/%d0%b4%d0%be%d0%bf%d0%be%d0%bb%d0%bd%d0%b8%d1%82%d0%b5%d0%bb%d1%8c%d0%bd%d1%8b%d0%b5-%d0%b4%d0%b0%d1%82%d1%87%d0%b8%d0%ba%d0%b8\/%d1%81%d0%b8%d0%b3%d0%bd%d0%b0%d0%bb-%d1%82%d1%80%d0%b5%d0%b2%d0%be%d0%b3%d0%b8-tx4\/","url":"https:\/\/www.medi.ee\/ru\/%d1%83%d1%81%d0%bb%d1%83%d0%b3%d0%b0-%d1%82%d1%80%d0%b5%d0%b2%d0%be%d0%b6%d0%bd%d0%be%d0%b9-%d0%ba%d0%bd%d0%be%d0%bf%d0%ba%d0%b8\/%d0%b4%d0%be%d0%bf%d0%be%d0%bb%d0%bd%d0%b8%d1%82%d0%b5%d0%bb%d1%8c%d0%bd%d1%8b%d0%b5-%d0%b4%d0%b0%d1%82%d1%87%d0%b8%d0%ba%d0%b8\/%d1%81%d0%b8%d0%b3%d0%bd%d0%b0%d0%bb-%d1%82%d1%80%d0%b5%d0%b2%d0%be%d0%b3%d0%b8-tx4\/","name":"\u0421\u0438\u0433\u043d\u0430\u043b \u0442\u0440\u0435\u0432\u043e\u0433\u0438 Tx4 | Medi.ee h\u00e4irenuputeenus","isPartOf":{"@id":"https:\/\/www.medi.ee\/ru\/#website"},"datePublished":"2025-09-16T12:20:19+00:00","dateModified":"2026-04-25T09:00:46+00:00","description":"Medi h\u00e4irenuputeenus on eakatele ja puuetega inimestele m\u00f5eldud sotsiaalne valveteenus, mille abil saab alati \u00fche nupuvajutusega abi kutsuda!","breadcrumb":{"@id":"https:\/\/www.medi.ee\/ru\/%d1%83%d1%81%d0%bb%d1%83%d0%b3%d0%b0-%d1%82%d1%80%d0%b5%d0%b2%d0%be%d0%b6%d0%bd%d0%be%d0%b9-%d0%ba%d0%bd%d0%be%d0%bf%d0%ba%d0%b8\/%d0%b4%d0%be%d0%bf%d0%be%d0%bb%d0%bd%d0%b8%d1%82%d0%b5%d0%bb%d1%8c%d0%bd%d1%8b%d0%b5-%d0%b4%d0%b0%d1%82%d1%87%d0%b8%d0%ba%d0%b8\/%d1%81%d0%b8%d0%b3%d0%bd%d0%b0%d0%bb-%d1%82%d1%80%d0%b5%d0%b2%d0%be%d0%b3%d0%b8-tx4\/#breadcrumb"},"inLanguage":"ru-RU","potentialAction":[{"@type":"ReadAction","target":["https:\/\/www.medi.ee\/ru\/%d1%83%d1%81%d0%bb%d1%83%d0%b3%d0%b0-%d1%82%d1%80%d0%b5%d0%b2%d0%be%d0%b6%d0%bd%d0%be%d0%b9-%d0%ba%d0%bd%d0%be%d0%bf%d0%ba%d0%b8\/%d0%b4%d0%be%d0%bf%d0%be%d0%bb%d0%bd%d0%b8%d1%82%d0%b5%d0%bb%d1%8c%d0%bd%d1%8b%d0%b5-%d0%b4%d0%b0%d1%82%d1%87%d0%b8%d0%ba%d0%b8\/%d1%81%d0%b8%d0%b3%d0%bd%d0%b0%d0%bb-%d1%82%d1%80%d0%b5%d0%b2%d0%be%d0%b3%d0%b8-tx4\/"]}]},{"@type":"BreadcrumbList","@id":"https:\/\/www.medi.ee\/ru\/%d1%83%d1%81%d0%bb%d1%83%d0%b3%d0%b0-%d1%82%d1%80%d0%b5%d0%b2%d0%be%d0%b6%d0%bd%d0%be%d0%b9-%d0%ba%d0%bd%d0%be%d0%bf%d0%ba%d0%b8\/%d0%b4%d0%be%d0%bf%d0%be%d0%bb%d0%bd%d0%b8%d1%82%d0%b5%d0%bb%d1%8c%d0%bd%d1%8b%d0%b5-%d0%b4%d0%b0%d1%82%d1%87%d0%b8%d0%ba%d0%b8\/%d1%81%d0%b8%d0%b3%d0%bd%d0%b0%d0%bb-%d1%82%d1%80%d0%b5%d0%b2%d0%be%d0%b3%d0%b8-tx4\/#breadcrumb","itemListElement":[{"@type":"ListItem","position":1,"name":"Home","item":"https:\/\/medi.ee\/ru\/"},{"@type":"ListItem","position":2,"name":"\u0423\u0441\u043b\u0443\u0433\u0430 \u043e\u0442\u0432\u043b\u0435\u0447\u0435\u043d\u0438\u044f \u0432\u043d\u0438\u043c\u0430\u043d\u0438\u044f","item":"https:\/\/medi.ee\/ru\/%d1%83%d1%81%d0%bb%d1%83%d0%b3%d0%b0-%d1%82%d1%80%d0%b5%d0%b2%d0%be%d0%b6%d0%bd%d0%be%d0%b9-%d0%ba%d0%bd%d0%be%d0%bf%d0%ba%d0%b8\/"},{"@type":"ListItem","position":3,"name":"\u0414\u043e\u043f\u043e\u043b\u043d\u0438\u0442\u0435\u043b\u044c\u043d\u044b\u0435 \u0434\u0430\u0442\u0447\u0438\u043a\u0438","item":"https:\/\/www.medi.ee\/ru\/%d1%83%d1%81%d0%bb%d1%83%d0%b3%d0%b0-%d1%82%d1%80%d0%b5%d0%b2%d0%be%d0%b6%d0%bd%d0%be%d0%b9-%d0%ba%d0%bd%d0%be%d0%bf%d0%ba%d0%b8\/%d0%b4%d0%be%d0%bf%d0%be%d0%bb%d0%bd%d0%b8%d1%82%d0%b5%d0%bb%d1%8c%d0%bd%d1%8b%d0%b5-%d0%b4%d0%b0%d1%82%d1%87%d0%b8%d0%ba%d0%b8\/"},{"@type":"ListItem","position":4,"name":"\u0421\u0438\u0433\u043d\u0430\u043b \u0442\u0440\u0435\u0432\u043e\u0433\u0438 Tx4"}]},{"@type":"WebSite","@id":"https:\/\/www.medi.ee\/ru\/#website","url":"https:\/\/www.medi.ee\/ru\/","name":"Medi.ee h\u00e4irenuputeenus","description":"Medi osutab professionaalset h\u00e4irenuputeenust, muid iseseisva turvalise elamise lahendusi, erinevaid \u00f5ekutses\u00fcsteeme hooldekodudele ja t\u00f6\u00f6taja turvalisuse lahendusi ettev\u00f5tetele.","publisher":{"@id":"https:\/\/www.medi.ee\/ru\/#organization"},"potentialAction":[{"@type":"SearchAction","target":{"@type":"EntryPoint","urlTemplate":"https:\/\/www.medi.ee\/ru\/?s={search_term_string}"},"query-input":{"@type":"PropertyValueSpecification","valueRequired":true,"valueName":"search_term_string"}}],"inLanguage":"ru-RU"},{"@type":"Organization","@id":"https:\/\/www.medi.ee\/ru\/#organization","name":"Medi.ee h\u00e4irenuputeenus","url":"https:\/\/www.medi.ee\/ru\/","logo":{"@type":"ImageObject","inLanguage":"ru-RU","@id":"https:\/\/www.medi.ee\/ru\/#\/schema\/logo\/image\/","url":"https:\/\/medi.ee\/wp-content\/uploads\/2025\/09\/medi-logo.jpg","contentUrl":"https:\/\/medi.ee\/wp-content\/uploads\/2025\/09\/medi-logo.jpg","width":600,"height":600,"caption":"Medi.ee h\u00e4irenuputeenus"},"image":{"@id":"https:\/\/www.medi.ee\/ru\/#\/schema\/logo\/image\/"},"sameAs":["https:\/\/www.facebook.com\/medi.ee","https:\/\/ee.linkedin.com\/company\/meditech-estonia","https:\/\/www.instagram.com\/medi.hairenupp\/"]}]}},"_links":{"self":[{"href":"https:\/\/www.medi.ee\/ru\/wp-json\/wp\/v2\/pages\/5696","targetHints":{"allow":["GET"]}}],"collection":[{"href":"https:\/\/www.medi.ee\/ru\/wp-json\/wp\/v2\/pages"}],"about":[{"href":"https:\/\/www.medi.ee\/ru\/wp-json\/wp\/v2\/types\/page"}],"author":[{"embeddable":true,"href":"https:\/\/www.medi.ee\/ru\/wp-json\/wp\/v2\/users\/1"}],"replies":[{"embeddable":true,"href":"https:\/\/www.medi.ee\/ru\/wp-json\/wp\/v2\/comments?post=5696"}],"version-history":[{"count":1,"href":"https:\/\/www.medi.ee\/ru\/wp-json\/wp\/v2\/pages\/5696\/revisions"}],"predecessor-version":[{"id":5699,"href":"https:\/\/www.medi.ee\/ru\/wp-json\/wp\/v2\/pages\/5696\/revisions\/5699"}],"up":[{"embeddable":true,"href":"https:\/\/www.medi.ee\/ru\/wp-json\/wp\/v2\/pages\/5716"}],"wp:attachment":[{"href":"https:\/\/www.medi.ee\/ru\/wp-json\/wp\/v2\/media?parent=5696"}],"curies":[{"name":"wp","href":"https:\/\/api.w.org\/{rel}","templated":true}]}}