{"id":5681,"date":"2025-09-16T20:24:20","date_gmt":"2025-09-16T17:24:20","guid":{"rendered":"https:\/\/medi.ee\/%d0%b4%d0%b5%d1%82%d0%b5%d0%ba%d1%82%d0%be%d1%80-%d1%83%d0%b3%d0%b0%d1%80%d0%bd%d0%be%d0%b3%d0%be-%d0%b3%d0%b0%d0%b7%d0%b0\/"},"modified":"2026-04-25T12:00:46","modified_gmt":"2026-04-25T09:00:46","slug":"%d0%b4%d0%b5%d1%82%d0%b5%d0%ba%d1%82%d0%be%d1%80-%d1%83%d0%b3%d0%b0%d1%80%d0%bd%d0%be%d0%b3%d0%be-%d0%b3%d0%b0%d0%b7%d0%b0","status":"publish","type":"page","link":"https:\/\/www.medi.ee\/ru\/%d1%83%d1%81%d0%bb%d1%83%d0%b3%d0%b0-%d1%82%d1%80%d0%b5%d0%b2%d0%be%d0%b6%d0%bd%d0%be%d0%b9-%d0%ba%d0%bd%d0%be%d0%bf%d0%ba%d0%b8\/%d0%b4%d0%be%d0%bf%d0%be%d0%bb%d0%bd%d0%b8%d1%82%d0%b5%d0%bb%d1%8c%d0%bd%d1%8b%d0%b5-%d0%b4%d0%b0%d1%82%d1%87%d0%b8%d0%ba%d0%b8\/%d0%b4%d0%b5%d1%82%d0%b5%d0%ba%d1%82%d0%be%d1%80-%d1%83%d0%b3%d0%b0%d1%80%d0%bd%d0%be%d0%b3%d0%be-%d0%b3%d0%b0%d0%b7%d0%b0\/","title":{"rendered":"\u0414\u0435\u0442\u0435\u043a\u0442\u043e\u0440 \u0443\u0433\u0430\u0440\u043d\u043e\u0433\u043e \u0433\u0430\u0437\u0430"},"content":{"rendered":"<div id=\"pl-5681\"  class=\"panel-layout\" ><div id=\"pg-5681-0\"  class=\"panel-grid panel-has-style\" ><div class=\"panel-row-style panel-row-style-for-5681-0\" ><div id=\"pgc-5681-0-0\"  class=\"panel-grid-cell\" ><div id=\"panel-5681-0-0-0\" class=\"so-panel widget widget_theme-text panel-first-child panel-last-child\" data-index=\"0\" ><div\n\t\t\t\n\t\t\tclass=\"so-widget-theme-text so-widget-theme-text-base\"\n\t\t\t\n\t\t>\n<div class=\"theme-text-69f4a5fc9df50 text-truncated\" id=\"theme-text-69f4a5fc9df50-content\">\n    <p>Vingugaasianduri p\u00f5hiomadused:<\/p>\n<ul>\n<li>Juhtmevaba \u00fchendus hoolekandetelefoniga<\/li>\n<li><strong>Aktiveerudes\u00a0automaatne h\u00e4irek\u00f5ne ja helisignaal<\/strong><\/li>\n<li>Patarei kestus kuni 7 aastat<\/li>\n<li><strong>P\u00e4\u00e4stab elusid gaasi v\u00f5i tahke k\u00fctusega eluruumides<\/strong><\/li>\n<\/ul>\n<p>Vingugaasiandur \u00fchendub hoolekandetelefoniga juhtmevabalt nagu h\u00e4irenupudki. Kui CO-andur tajub ohtlikus koguses l\u00f5hnatut ja n\u00e4htamatut, kuid eluohtlikku vingugaasi, algatab hoolekandetelefon koheselt automaatselt h\u00e4irek\u00f5ne Medi abikeskuse operaatorile. Lisaks kostab andurist ka kohapeal valju helisignaal. Hoolealune ei pea vingugaasianduri t\u00f6\u00f6le hakates h\u00e4irek\u00f5ne alustamiseks ise midagi tegema, ainult vastama automaatselt helistatava k\u00f5ne k\u00e4igus Medi operaatorile, kui suudab seda teha. Kui selgub, et kohapeal ongi vingugaasileke, helistab Medi operaator kohe ka H\u00e4irekeskusesse 112, et kutsuda kohale p\u00e4\u00e4steteenistus.<\/p>\n<p>Vingugaasianduri mittevahetatav <strong>patarei kestab\u00a0kuni 7 aastat<\/strong>.<\/p>\n<p><strong>Vingugaasiandur kuulugu igasse h\u00e4irenupukomplekti, kui kodus on gaasi- v\u00f5i tahke k\u00fctusega k\u00fcttekolle, sest aitab p\u00e4\u00e4sta elusid!<\/strong><\/p>\n<\/div>\n    <a href=\"#\" class=\"read-more-link\" data-target=\"theme-text-69f4a5fc9df50-content\">Loe rohkem<\/a>\n    <script>\n        document.addEventListener('DOMContentLoaded', function() {\n            const link = document.querySelector('.theme-text-69f4a5fc9df50 + .read-more-link');\n            const content = document.querySelector('#theme-text-69f4a5fc9df50-content');\n            if (link && content) {\n                link.addEventListener('click', function(e) {\n                    e.preventDefault();\n                    content.classList.remove('text-truncated');\n                    link.style.display = 'none';\n                });\n            }\n        });\n    <\/script>\n\n<style>.theme-text-69f4a5fc9df50{color:#333;font-weight:400;font-size:1rem;line-height:{normal};margin:0 0 0 0;padding:0 0 0 0;text-align:left}.theme-text-69f4a5fc9df50.text-truncated{display:-webkit-box;-webkit-box-orient:vertical;-webkit-line-clamp:8;overflow:hidden;text-overflow:ellipsis}@media (max-width:767px){.theme-text-69f4a5fc9df50{font-size:.9rem;line-height:{normal};margin:0 0 0 0;padding:0 0 0 0;text-align:left}}<\/style><\/div><\/div><\/div><div id=\"pgc-5681-0-1\"  class=\"panel-grid-cell\" ><div id=\"panel-5681-0-1-0\" class=\"so-panel widget widget_theme-text panel-first-child panel-last-child\" data-index=\"1\" ><div\n\t\t\t\n\t\t\tclass=\"so-widget-theme-text so-widget-theme-text-base\"\n\t\t\t\n\t\t>\n<div class=\"theme-text-69f4a5fc9e90f \" id=\"theme-text-69f4a5fc9e90f-content\">\n    <p><img loading=\"lazy\" decoding=\"async\" class=\"alignnone size-large wp-image-4548\" src=\"https:\/\/medi.ee\/wp-content\/uploads\/2025\/09\/carbon-monoxide-1-1024x837.jpg\" alt=\"\" width=\"1024\" height=\"837\" srcset=\"https:\/\/www.medi.ee\/wp-content\/uploads\/2025\/09\/carbon-monoxide-1-1024x837.jpg 1024w, https:\/\/www.medi.ee\/wp-content\/uploads\/2025\/09\/carbon-monoxide-1-300x245.jpg 300w, https:\/\/www.medi.ee\/wp-content\/uploads\/2025\/09\/carbon-monoxide-1-768x628.jpg 768w, https:\/\/www.medi.ee\/wp-content\/uploads\/2025\/09\/carbon-monoxide-1-580x474.jpg 580w, https:\/\/www.medi.ee\/wp-content\/uploads\/2025\/09\/carbon-monoxide-1.jpg 1415w\" sizes=\"auto, (max-width: 1024px) 100vw, 1024px\" \/><\/p>\n<\/div>\n\n<style>.theme-text-69f4a5fc9e90f{color:#333;font-weight:400;font-size:1rem;line-height:{normal};margin:0 0 0 0;padding:0 0 0 0;text-align:left}.theme-text-69f4a5fc9e90f.text-truncated{display:-webkit-box;-webkit-box-orient:vertical;-webkit-line-clamp:0;overflow:hidden;text-overflow:ellipsis}@media (max-width:767px){.theme-text-69f4a5fc9e90f{font-size:.9rem;line-height:{normal};margin:0 0 0 0;padding:0 0 0 0;text-align:left}}<\/style><\/div><\/div><\/div><\/div><\/div><\/div>","protected":false},"excerpt":{"rendered":"<p>Vingugaasianduri p\u00f5hiomadused: Juhtmevaba \u00fchendus hoolekandetelefoniga Aktiveerudes\u00a0automaatne h\u00e4irek\u00f5ne ja helisignaal Patarei kestus kuni 7 aastat P\u00e4\u00e4stab elusid gaasi v\u00f5i tahke k\u00fctusega eluruumides Vingugaasiandur \u00fchendub hoolekandetelefoniga juhtmevabalt nagu h\u00e4irenupudki. Kui CO-andur tajub ohtlikus koguses l\u00f5hnatut ja n\u00e4htamatut, kuid eluohtlikku vingugaasi, algatab hoolekandetelefon koheselt automaatselt h\u00e4irek\u00f5ne Medi abikeskuse operaatorile. Lisaks kostab andurist ka kohapeal valju helisignaal. Hoolealune ei [&hellip;]<\/p>\n","protected":false},"author":1,"featured_media":0,"parent":5716,"menu_order":0,"comment_status":"closed","ping_status":"closed","template":"","meta":{"_acf_changed":false,"footnotes":""},"class_list":["post-5681","page","type-page","status-publish","hentry"],"acf":[],"yoast_head":"<!-- This site is optimized with the Yoast SEO plugin v27.3 - https:\/\/yoast.com\/product\/yoast-seo-wordpress\/ -->\n<title>\u0414\u0435\u0442\u0435\u043a\u0442\u043e\u0440 \u0443\u0433\u0430\u0440\u043d\u043e\u0433\u043e \u0433\u0430\u0437\u0430 | Medi.ee h\u00e4irenuputeenus<\/title>\n<meta name=\"description\" content=\"Medi h\u00e4irenuputeenus on eakatele ja puuetega inimestele m\u00f5eldud sotsiaalne valveteenus, mille abil saab alati \u00fche nupuvajutusega abi kutsuda!\" \/>\n<meta name=\"robots\" content=\"index, follow, max-snippet:-1, max-image-preview:large, max-video-preview:-1\" \/>\n<link rel=\"canonical\" href=\"https:\/\/www.medi.ee\/hairenuputeenus\/lisaandurid\/vingugaasiandur\/\" \/>\n<meta property=\"og:locale\" content=\"ru_RU\" \/>\n<meta property=\"og:type\" content=\"article\" \/>\n<meta property=\"og:title\" content=\"\u0414\u0435\u0442\u0435\u043a\u0442\u043e\u0440 \u0443\u0433\u0430\u0440\u043d\u043e\u0433\u043e \u0433\u0430\u0437\u0430 | Medi.ee h\u00e4irenuputeenus\" \/>\n<meta property=\"og:description\" content=\"Medi h\u00e4irenuputeenus on eakatele ja puuetega inimestele m\u00f5eldud sotsiaalne valveteenus, mille abil saab alati \u00fche nupuvajutusega abi kutsuda!\" \/>\n<meta property=\"og:url\" content=\"https:\/\/www.medi.ee\/hairenuputeenus\/lisaandurid\/vingugaasiandur\/\" \/>\n<meta property=\"og:site_name\" content=\"Medi.ee h\u00e4irenuputeenus\" \/>\n<meta property=\"article:publisher\" content=\"https:\/\/www.facebook.com\/medi.ee\" \/>\n<meta property=\"article:modified_time\" content=\"2026-04-25T09:00:46+00:00\" \/>\n<meta property=\"og:image\" content=\"https:\/\/www.medi.ee\/wp-content\/uploads\/2025\/09\/Group.jpg\" \/>\n\t<meta property=\"og:image:width\" content=\"1600\" \/>\n\t<meta property=\"og:image:height\" content=\"728\" \/>\n\t<meta property=\"og:image:type\" content=\"image\/jpeg\" \/>\n<meta name=\"twitter:card\" content=\"summary_large_image\" \/>\n<script type=\"application\/ld+json\" class=\"yoast-schema-graph\">{\"@context\":\"https:\\\/\\\/schema.org\",\"@graph\":[{\"@type\":\"WebPage\",\"@id\":\"https:\\\/\\\/www.medi.ee\\\/hairenuputeenus\\\/lisaandurid\\\/vingugaasiandur\\\/\",\"url\":\"https:\\\/\\\/www.medi.ee\\\/hairenuputeenus\\\/lisaandurid\\\/vingugaasiandur\\\/\",\"name\":\"\u0414\u0435\u0442\u0435\u043a\u0442\u043e\u0440 \u0443\u0433\u0430\u0440\u043d\u043e\u0433\u043e \u0433\u0430\u0437\u0430 | Medi.ee h\u00e4irenuputeenus\",\"isPartOf\":{\"@id\":\"https:\\\/\\\/www.medi.ee\\\/#website\"},\"datePublished\":\"2025-09-16T17:24:20+00:00\",\"dateModified\":\"2026-04-25T09:00:46+00:00\",\"description\":\"Medi h\u00e4irenuputeenus on eakatele ja puuetega inimestele m\u00f5eldud sotsiaalne valveteenus, mille abil saab alati \u00fche nupuvajutusega abi kutsuda!\",\"breadcrumb\":{\"@id\":\"https:\\\/\\\/www.medi.ee\\\/hairenuputeenus\\\/lisaandurid\\\/vingugaasiandur\\\/#breadcrumb\"},\"inLanguage\":\"ru-RU\",\"potentialAction\":[{\"@type\":\"ReadAction\",\"target\":[\"https:\\\/\\\/www.medi.ee\\\/hairenuputeenus\\\/lisaandurid\\\/vingugaasiandur\\\/\"]}]},{\"@type\":\"BreadcrumbList\",\"@id\":\"https:\\\/\\\/www.medi.ee\\\/hairenuputeenus\\\/lisaandurid\\\/vingugaasiandur\\\/#breadcrumb\",\"itemListElement\":[{\"@type\":\"ListItem\",\"position\":1,\"name\":\"Home\",\"item\":\"https:\\\/\\\/www.medi.ee\\\/ru\\\/\"},{\"@type\":\"ListItem\",\"position\":2,\"name\":\"\u0423\u0441\u043b\u0443\u0433\u0430 \u043e\u0442\u0432\u043b\u0435\u0447\u0435\u043d\u0438\u044f \u0432\u043d\u0438\u043c\u0430\u043d\u0438\u044f\",\"item\":\"https:\\\/\\\/www.medi.ee\\\/ru\\\/%d1%83%d1%81%d0%bb%d1%83%d0%b3%d0%b0-%d1%82%d1%80%d0%b5%d0%b2%d0%be%d0%b6%d0%bd%d0%be%d0%b9-%d0%ba%d0%bd%d0%be%d0%bf%d0%ba%d0%b8\\\/\"},{\"@type\":\"ListItem\",\"position\":3,\"name\":\"\u0414\u043e\u043f\u043e\u043b\u043d\u0438\u0442\u0435\u043b\u044c\u043d\u044b\u0435 \u0434\u0430\u0442\u0447\u0438\u043a\u0438\",\"item\":\"https:\\\/\\\/www.medi.ee\\\/ru\\\/%d1%83%d1%81%d0%bb%d1%83%d0%b3%d0%b0-%d1%82%d1%80%d0%b5%d0%b2%d0%be%d0%b6%d0%bd%d0%be%d0%b9-%d0%ba%d0%bd%d0%be%d0%bf%d0%ba%d0%b8\\\/%d0%b4%d0%be%d0%bf%d0%be%d0%bb%d0%bd%d0%b8%d1%82%d0%b5%d0%bb%d1%8c%d0%bd%d1%8b%d0%b5-%d0%b4%d0%b0%d1%82%d1%87%d0%b8%d0%ba%d0%b8\\\/\"},{\"@type\":\"ListItem\",\"position\":4,\"name\":\"\u0414\u0435\u0442\u0435\u043a\u0442\u043e\u0440 \u0443\u0433\u0430\u0440\u043d\u043e\u0433\u043e \u0433\u0430\u0437\u0430\"}]},{\"@type\":\"WebSite\",\"@id\":\"https:\\\/\\\/www.medi.ee\\\/#website\",\"url\":\"https:\\\/\\\/www.medi.ee\\\/\",\"name\":\"Medi.ee h\u00e4irenuputeenus\",\"description\":\"Medi osutab professionaalset h\u00e4irenuputeenust, muid iseseisva turvalise elamise lahendusi, erinevaid \u00f5ekutses\u00fcsteeme hooldekodudele ja t\u00f6\u00f6taja turvalisuse lahendusi ettev\u00f5tetele.\",\"publisher\":{\"@id\":\"https:\\\/\\\/www.medi.ee\\\/#organization\"},\"potentialAction\":[{\"@type\":\"SearchAction\",\"target\":{\"@type\":\"EntryPoint\",\"urlTemplate\":\"https:\\\/\\\/www.medi.ee\\\/?s={search_term_string}\"},\"query-input\":{\"@type\":\"PropertyValueSpecification\",\"valueRequired\":true,\"valueName\":\"search_term_string\"}}],\"inLanguage\":\"ru-RU\"},{\"@type\":\"Organization\",\"@id\":\"https:\\\/\\\/www.medi.ee\\\/#organization\",\"name\":\"Medi.ee h\u00e4irenuputeenus\",\"url\":\"https:\\\/\\\/www.medi.ee\\\/\",\"logo\":{\"@type\":\"ImageObject\",\"inLanguage\":\"ru-RU\",\"@id\":\"https:\\\/\\\/www.medi.ee\\\/#\\\/schema\\\/logo\\\/image\\\/\",\"url\":\"https:\\\/\\\/medi.ee\\\/wp-content\\\/uploads\\\/2025\\\/09\\\/medi-logo.jpg\",\"contentUrl\":\"https:\\\/\\\/medi.ee\\\/wp-content\\\/uploads\\\/2025\\\/09\\\/medi-logo.jpg\",\"width\":600,\"height\":600,\"caption\":\"Medi.ee h\u00e4irenuputeenus\"},\"image\":{\"@id\":\"https:\\\/\\\/www.medi.ee\\\/#\\\/schema\\\/logo\\\/image\\\/\"},\"sameAs\":[\"https:\\\/\\\/www.facebook.com\\\/medi.ee\",\"https:\\\/\\\/ee.linkedin.com\\\/company\\\/meditech-estonia\",\"https:\\\/\\\/www.instagram.com\\\/medi.hairenupp\\\/\"]}]}<\/script>\n<!-- \/ Yoast SEO plugin. -->","yoast_head_json":{"title":"\u0414\u0435\u0442\u0435\u043a\u0442\u043e\u0440 \u0443\u0433\u0430\u0440\u043d\u043e\u0433\u043e \u0433\u0430\u0437\u0430 | Medi.ee h\u00e4irenuputeenus","description":"Medi h\u00e4irenuputeenus on eakatele ja puuetega inimestele m\u00f5eldud sotsiaalne valveteenus, mille abil saab alati \u00fche nupuvajutusega abi kutsuda!","robots":{"index":"index","follow":"follow","max-snippet":"max-snippet:-1","max-image-preview":"max-image-preview:large","max-video-preview":"max-video-preview:-1"},"canonical":"https:\/\/www.medi.ee\/hairenuputeenus\/lisaandurid\/vingugaasiandur\/","og_locale":"ru_RU","og_type":"article","og_title":"\u0414\u0435\u0442\u0435\u043a\u0442\u043e\u0440 \u0443\u0433\u0430\u0440\u043d\u043e\u0433\u043e \u0433\u0430\u0437\u0430 | Medi.ee h\u00e4irenuputeenus","og_description":"Medi h\u00e4irenuputeenus on eakatele ja puuetega inimestele m\u00f5eldud sotsiaalne valveteenus, mille abil saab alati \u00fche nupuvajutusega abi kutsuda!","og_url":"https:\/\/www.medi.ee\/hairenuputeenus\/lisaandurid\/vingugaasiandur\/","og_site_name":"Medi.ee h\u00e4irenuputeenus","article_publisher":"https:\/\/www.facebook.com\/medi.ee","article_modified_time":"2026-04-25T09:00:46+00:00","og_image":[{"width":1600,"height":728,"url":"https:\/\/www.medi.ee\/wp-content\/uploads\/2025\/09\/Group.jpg","type":"image\/jpeg"}],"twitter_card":"summary_large_image","schema":{"@context":"https:\/\/schema.org","@graph":[{"@type":"WebPage","@id":"https:\/\/www.medi.ee\/hairenuputeenus\/lisaandurid\/vingugaasiandur\/","url":"https:\/\/www.medi.ee\/hairenuputeenus\/lisaandurid\/vingugaasiandur\/","name":"\u0414\u0435\u0442\u0435\u043a\u0442\u043e\u0440 \u0443\u0433\u0430\u0440\u043d\u043e\u0433\u043e \u0433\u0430\u0437\u0430 | Medi.ee h\u00e4irenuputeenus","isPartOf":{"@id":"https:\/\/www.medi.ee\/#website"},"datePublished":"2025-09-16T17:24:20+00:00","dateModified":"2026-04-25T09:00:46+00:00","description":"Medi h\u00e4irenuputeenus on eakatele ja puuetega inimestele m\u00f5eldud sotsiaalne valveteenus, mille abil saab alati \u00fche nupuvajutusega abi kutsuda!","breadcrumb":{"@id":"https:\/\/www.medi.ee\/hairenuputeenus\/lisaandurid\/vingugaasiandur\/#breadcrumb"},"inLanguage":"ru-RU","potentialAction":[{"@type":"ReadAction","target":["https:\/\/www.medi.ee\/hairenuputeenus\/lisaandurid\/vingugaasiandur\/"]}]},{"@type":"BreadcrumbList","@id":"https:\/\/www.medi.ee\/hairenuputeenus\/lisaandurid\/vingugaasiandur\/#breadcrumb","itemListElement":[{"@type":"ListItem","position":1,"name":"Home","item":"https:\/\/www.medi.ee\/ru\/"},{"@type":"ListItem","position":2,"name":"\u0423\u0441\u043b\u0443\u0433\u0430 \u043e\u0442\u0432\u043b\u0435\u0447\u0435\u043d\u0438\u044f \u0432\u043d\u0438\u043c\u0430\u043d\u0438\u044f","item":"https:\/\/www.medi.ee\/ru\/%d1%83%d1%81%d0%bb%d1%83%d0%b3%d0%b0-%d1%82%d1%80%d0%b5%d0%b2%d0%be%d0%b6%d0%bd%d0%be%d0%b9-%d0%ba%d0%bd%d0%be%d0%bf%d0%ba%d0%b8\/"},{"@type":"ListItem","position":3,"name":"\u0414\u043e\u043f\u043e\u043b\u043d\u0438\u0442\u0435\u043b\u044c\u043d\u044b\u0435 \u0434\u0430\u0442\u0447\u0438\u043a\u0438","item":"https:\/\/www.medi.ee\/ru\/%d1%83%d1%81%d0%bb%d1%83%d0%b3%d0%b0-%d1%82%d1%80%d0%b5%d0%b2%d0%be%d0%b6%d0%bd%d0%be%d0%b9-%d0%ba%d0%bd%d0%be%d0%bf%d0%ba%d0%b8\/%d0%b4%d0%be%d0%bf%d0%be%d0%bb%d0%bd%d0%b8%d1%82%d0%b5%d0%bb%d1%8c%d0%bd%d1%8b%d0%b5-%d0%b4%d0%b0%d1%82%d1%87%d0%b8%d0%ba%d0%b8\/"},{"@type":"ListItem","position":4,"name":"\u0414\u0435\u0442\u0435\u043a\u0442\u043e\u0440 \u0443\u0433\u0430\u0440\u043d\u043e\u0433\u043e \u0433\u0430\u0437\u0430"}]},{"@type":"WebSite","@id":"https:\/\/www.medi.ee\/#website","url":"https:\/\/www.medi.ee\/","name":"Medi.ee h\u00e4irenuputeenus","description":"Medi osutab professionaalset h\u00e4irenuputeenust, muid iseseisva turvalise elamise lahendusi, erinevaid \u00f5ekutses\u00fcsteeme hooldekodudele ja t\u00f6\u00f6taja turvalisuse lahendusi ettev\u00f5tetele.","publisher":{"@id":"https:\/\/www.medi.ee\/#organization"},"potentialAction":[{"@type":"SearchAction","target":{"@type":"EntryPoint","urlTemplate":"https:\/\/www.medi.ee\/?s={search_term_string}"},"query-input":{"@type":"PropertyValueSpecification","valueRequired":true,"valueName":"search_term_string"}}],"inLanguage":"ru-RU"},{"@type":"Organization","@id":"https:\/\/www.medi.ee\/#organization","name":"Medi.ee h\u00e4irenuputeenus","url":"https:\/\/www.medi.ee\/","logo":{"@type":"ImageObject","inLanguage":"ru-RU","@id":"https:\/\/www.medi.ee\/#\/schema\/logo\/image\/","url":"https:\/\/medi.ee\/wp-content\/uploads\/2025\/09\/medi-logo.jpg","contentUrl":"https:\/\/medi.ee\/wp-content\/uploads\/2025\/09\/medi-logo.jpg","width":600,"height":600,"caption":"Medi.ee h\u00e4irenuputeenus"},"image":{"@id":"https:\/\/www.medi.ee\/#\/schema\/logo\/image\/"},"sameAs":["https:\/\/www.facebook.com\/medi.ee","https:\/\/ee.linkedin.com\/company\/meditech-estonia","https:\/\/www.instagram.com\/medi.hairenupp\/"]}]}},"_links":{"self":[{"href":"https:\/\/www.medi.ee\/ru\/wp-json\/wp\/v2\/pages\/5681","targetHints":{"allow":["GET"]}}],"collection":[{"href":"https:\/\/www.medi.ee\/ru\/wp-json\/wp\/v2\/pages"}],"about":[{"href":"https:\/\/www.medi.ee\/ru\/wp-json\/wp\/v2\/types\/page"}],"author":[{"embeddable":true,"href":"https:\/\/www.medi.ee\/ru\/wp-json\/wp\/v2\/users\/1"}],"replies":[{"embeddable":true,"href":"https:\/\/www.medi.ee\/ru\/wp-json\/wp\/v2\/comments?post=5681"}],"version-history":[{"count":3,"href":"https:\/\/www.medi.ee\/ru\/wp-json\/wp\/v2\/pages\/5681\/revisions"}],"predecessor-version":[{"id":5704,"href":"https:\/\/www.medi.ee\/ru\/wp-json\/wp\/v2\/pages\/5681\/revisions\/5704"}],"up":[{"embeddable":true,"href":"https:\/\/www.medi.ee\/ru\/wp-json\/wp\/v2\/pages\/5716"}],"wp:attachment":[{"href":"https:\/\/www.medi.ee\/ru\/wp-json\/wp\/v2\/media?parent=5681"}],"curies":[{"name":"wp","href":"https:\/\/api.w.org\/{rel}","templated":true}]}}