{"id":5676,"date":"2025-09-17T11:43:16","date_gmt":"2025-09-17T08:43:16","guid":{"rendered":"https:\/\/medi.ee\/%d0%be-%d0%bd%d0%b0%d1%81\/%d0%ba%d0%bb%d1%8e%d1%87%d0%b5%d0%b2%d1%8b%d0%b5-%d0%b8%d0%b3%d1%80%d0%be%d0%ba%d0%b8\/"},"modified":"2026-04-25T12:00:35","modified_gmt":"2026-04-25T09:00:35","slug":"%d0%ba%d0%bb%d1%8e%d1%87%d0%b5%d0%b2%d1%8b%d0%b5-%d0%b8%d0%b3%d1%80%d0%be%d0%ba%d0%b8","status":"publish","type":"page","link":"https:\/\/www.medi.ee\/ru\/%d0%be-%d0%bd%d0%b0%d1%81\/%d0%ba%d0%bb%d1%8e%d1%87%d0%b5%d0%b2%d1%8b%d0%b5-%d0%b8%d0%b3%d1%80%d0%be%d0%ba%d0%b8\/","title":{"rendered":"\u041a\u043b\u044e\u0447\u0435\u0432\u044b\u0435 \u0438\u0433\u0440\u043e\u043a\u0438"},"content":{"rendered":"<div id=\"pl-5676\"  class=\"panel-layout\" ><div id=\"pg-5676-0\"  class=\"panel-grid panel-has-style\" ><div class=\"panel-row-style panel-row-style-for-5676-0\" ><div id=\"pgc-5676-0-0\"  class=\"panel-grid-cell\" ><div id=\"panel-5676-0-0-0\" class=\"so-panel widget widget_siteorigin-panels-builder panel-first-child panel-last-child\" data-index=\"0\" ><div id=\"pl-w68d84c608b9a1\"  class=\"panel-layout\" ><div id=\"pg-w68d84c608b9a1-0\"  class=\"panel-grid panel-no-style\" ><div id=\"pgc-w68d84c608b9a1-0-0\"  class=\"panel-grid-cell\" ><div id=\"panel-w68d84c608b9a1-0-0-0\" class=\"so-panel widget widget_sow-image panel-first-child\" data-index=\"0\" ><div\n\t\t\t\n\t\t\tclass=\"so-widget-sow-image so-widget-sow-image-default-8b5b6f678277\"\n\t\t\t\n\t\t>\n<div class=\"sow-image-container\">\n\t\t<img \n\tsrc=\"https:\/\/medi.ee\/wp-content\/uploads\/2025\/09\/kristina-kraft.webp\" width=\"760\" height=\"364\" srcset=\"https:\/\/medi.ee\/wp-content\/uploads\/2025\/09\/kristina-kraft.webp 760w, https:\/\/medi.ee\/wp-content\/uploads\/2025\/09\/kristina-kraft-300x144.webp 300w, https:\/\/medi.ee\/wp-content\/uploads\/2025\/09\/kristina-kraft-580x278.webp 580w\" sizes=\"(max-width: 760px) 100vw, 760px\" alt=\"\" \t\tclass=\"so-widget-image\"\/>\n\t<\/div>\n\n<\/div><\/div><div id=\"panel-w68d84c608b9a1-0-0-1\" class=\"so-panel widget widget_theme-text panel-last-child\" data-index=\"1\" ><div\n\t\t\t\n\t\t\tclass=\"so-widget-theme-text so-widget-theme-text-base\"\n\t\t\t\n\t\t>\n<div class=\"theme-text-69f1933ed1a56 \" id=\"theme-text-69f1933ed1a56-content\">\n    <p><strong>Kristina Kraft<\/strong><br \/>\nM\u00fc\u00fcgi- ja b\u00fcrooassistent<br \/>\n+372 661 8181 (E-R 09-17)<br \/>\n<a href=\"mailto:kristina.kraft@medi.ee?subject=Kontakt medi.ee kodulehelt | V\u00f5tmeisikud\">kristina.kraft@medi.ee<\/a><\/p>\n<\/div>\n\n<style>.theme-text-69f1933ed1a56{color:#2c2626;font-weight:400;font-size:1.125rem;line-height:{1.875rem};margin:0 0 0 0;padding:0 0 0 0;text-align:left}.theme-text-69f1933ed1a56.text-truncated{display:-webkit-box;-webkit-box-orient:vertical;-webkit-line-clamp:0;overflow:hidden;text-overflow:ellipsis}@media (max-width:767px){.theme-text-69f1933ed1a56{font-size:1.125rem;line-height:{1.875rem};margin:0 0 0 0;padding:0 0 0 0;text-align:left}}<\/style><\/div><\/div><\/div><div id=\"pgc-w68d84c608b9a1-0-1\"  class=\"panel-grid-cell\" ><div id=\"panel-w68d84c608b9a1-0-1-0\" class=\"so-panel widget widget_sow-image panel-first-child\" data-index=\"2\" ><div\n\t\t\t\n\t\t\tclass=\"so-widget-sow-image so-widget-sow-image-default-8b5b6f678277\"\n\t\t\t\n\t\t>\n<div class=\"sow-image-container\">\n\t\t<img \n\tsrc=\"https:\/\/medi.ee\/wp-content\/uploads\/2025\/09\/kristin-juuresoo.webp\" width=\"760\" height=\"364\" srcset=\"https:\/\/medi.ee\/wp-content\/uploads\/2025\/09\/kristin-juuresoo.webp 760w, https:\/\/medi.ee\/wp-content\/uploads\/2025\/09\/kristin-juuresoo-300x144.webp 300w, https:\/\/medi.ee\/wp-content\/uploads\/2025\/09\/kristin-juuresoo-580x278.webp 580w\" sizes=\"(max-width: 760px) 100vw, 760px\" title=\"\u041a\u0440\u0438\u0441\u0442\u0438\u043d \u0414\u0436\u0443\u0440\u0435\u0441\u0443\" alt=\"\" \t\tclass=\"so-widget-image\"\/>\n\t<\/div>\n\n<\/div><\/div><div id=\"panel-w68d84c608b9a1-0-1-1\" class=\"so-panel widget widget_theme-text panel-last-child\" data-index=\"3\" ><div\n\t\t\t\n\t\t\tclass=\"so-widget-theme-text so-widget-theme-text-base\"\n\t\t\t\n\t\t>\n<div class=\"theme-text-69f1933ed2549 \" id=\"theme-text-69f1933ed2549-content\">\n    <p><strong>Kristin Juuresoo<\/strong><br \/>\nM\u00fc\u00fcgijuht<br \/>\n+372 502 2007<br \/>\n<a href=\"mailto:kristin.juuresoo@medi.ee?subject=Kontakt medi.ee kodulehelt | V\u00f5tmeisikud\">kristin.juuresoo@medi.ee<\/a><\/p>\n<\/div>\n\n<style>.theme-text-69f1933ed2549{color:#2c2626;font-weight:400;font-size:1.125rem;line-height:{1.875rem};margin:0 0 0 0;padding:0 0 0 0;text-align:left}.theme-text-69f1933ed2549.text-truncated{display:-webkit-box;-webkit-box-orient:vertical;-webkit-line-clamp:0;overflow:hidden;text-overflow:ellipsis}@media (max-width:767px){.theme-text-69f1933ed2549{font-size:1.125rem;line-height:{1.875rem};margin:0 0 0 0;padding:0 0 0 0;text-align:left}}<\/style><\/div><\/div><\/div><div id=\"pgc-w68d84c608b9a1-0-2\"  class=\"panel-grid-cell\" ><div id=\"panel-w68d84c608b9a1-0-2-0\" class=\"so-panel widget widget_sow-image panel-first-child\" data-index=\"4\" ><div\n\t\t\t\n\t\t\tclass=\"so-widget-sow-image so-widget-sow-image-default-8b5b6f678277\"\n\t\t\t\n\t\t>\n<div class=\"sow-image-container\">\n\t\t<img \n\tsrc=\"https:\/\/medi.ee\/wp-content\/uploads\/2025\/09\/vallo-aston.webp\" width=\"760\" height=\"364\" srcset=\"https:\/\/medi.ee\/wp-content\/uploads\/2025\/09\/vallo-aston.webp 760w, https:\/\/medi.ee\/wp-content\/uploads\/2025\/09\/vallo-aston-300x144.webp 300w, https:\/\/medi.ee\/wp-content\/uploads\/2025\/09\/vallo-aston-580x278.webp 580w\" sizes=\"(max-width: 760px) 100vw, 760px\" title=\"\u0432\u0430\u043b\u043b\u043e-\u0430\u0441\u0442\u043e\u043d\" alt=\"\" \t\tclass=\"so-widget-image\"\/>\n\t<\/div>\n\n<\/div><\/div><div id=\"panel-w68d84c608b9a1-0-2-1\" class=\"so-panel widget widget_theme-text panel-last-child\" data-index=\"5\" ><div\n\t\t\t\n\t\t\tclass=\"so-widget-theme-text so-widget-theme-text-base\"\n\t\t\t\n\t\t>\n<div class=\"theme-text-69f1933ed2c7c \" id=\"theme-text-69f1933ed2c7c-content\">\n    <p><strong>Vallo Aston<\/strong><br \/>\nProjektijuht<br \/>\n+372 502 2497<br \/>\n<a href=\"mailto:vallo.aston@medi.ee?subject=Kontakt medi.ee kodulehelt | V\u00f5tmeisikud\">vallo.aston@medi.ee<\/a><\/p>\n<\/div>\n\n<style>.theme-text-69f1933ed2c7c{color:#2c2626;font-weight:400;font-size:1.125rem;line-height:{1.875rem};margin:0 0 0 0;padding:0 0 0 0;text-align:left}.theme-text-69f1933ed2c7c.text-truncated{display:-webkit-box;-webkit-box-orient:vertical;-webkit-line-clamp:0;overflow:hidden;text-overflow:ellipsis}@media (max-width:767px){.theme-text-69f1933ed2c7c{font-size:1.125rem;line-height:{1.875rem};margin:0 0 0 0;padding:0 0 0 0;text-align:left}}<\/style><\/div><\/div><\/div><\/div><div id=\"pg-w68d84c608b9a1-1\"  class=\"panel-grid panel-no-style\" ><div id=\"pgc-w68d84c608b9a1-1-0\"  class=\"panel-grid-cell\" ><div id=\"panel-w68d84c608b9a1-1-0-0\" class=\"so-panel widget widget_sow-image panel-first-child\" data-index=\"6\" ><div\n\t\t\t\n\t\t\tclass=\"so-widget-sow-image so-widget-sow-image-default-8b5b6f678277\"\n\t\t\t\n\t\t>\n<div class=\"sow-image-container\">\n\t\t<img \n\tsrc=\"https:\/\/medi.ee\/wp-content\/uploads\/2025\/09\/risto-eelmaa.webp\" width=\"760\" height=\"364\" srcset=\"https:\/\/medi.ee\/wp-content\/uploads\/2025\/09\/risto-eelmaa.webp 760w, https:\/\/medi.ee\/wp-content\/uploads\/2025\/09\/risto-eelmaa-300x144.webp 300w, https:\/\/medi.ee\/wp-content\/uploads\/2025\/09\/risto-eelmaa-580x278.webp 580w\" sizes=\"(max-width: 760px) 100vw, 760px\" title=\"\u0420\u0438\u0441\u0442\u043e \u042d\u044d\u043b\u044c\u043c\u0430\u0430\" alt=\"\" \t\tclass=\"so-widget-image\"\/>\n\t<\/div>\n\n<\/div><\/div><div id=\"panel-w68d84c608b9a1-1-0-1\" class=\"so-panel widget widget_theme-text panel-last-child\" data-index=\"7\" ><div\n\t\t\t\n\t\t\tclass=\"so-widget-theme-text so-widget-theme-text-base\"\n\t\t\t\n\t\t>\n<div class=\"theme-text-69f1933ed338c \" id=\"theme-text-69f1933ed338c-content\">\n    <p><strong>Risto Eelmaa<\/strong><br \/>\nJuhatuse liige \/ asutaja<br \/>\n+372 507 8691<br \/>\n<a href=\"mailto:risto.eelmaa@medi.ee?subject=Kontakt medi.ee kodulehelt | V\u00f5tmeisikud\">risto.eelmaa@medi.ee<\/a><\/p>\n<\/div>\n\n<style>.theme-text-69f1933ed338c{color:#2c2626;font-weight:400;font-size:1.125rem;line-height:{1.875rem};margin:0 0 0 0;padding:0 0 0 0;text-align:left}.theme-text-69f1933ed338c.text-truncated{display:-webkit-box;-webkit-box-orient:vertical;-webkit-line-clamp:0;overflow:hidden;text-overflow:ellipsis}@media (max-width:767px){.theme-text-69f1933ed338c{font-size:1.125rem;line-height:{1.875rem};margin:0 0 0 0;padding:0 0 0 0;text-align:left}}<\/style><\/div><\/div><\/div><div id=\"pgc-w68d84c608b9a1-1-1\"  class=\"panel-grid-cell panel-grid-cell-mobile-last\" ><div id=\"panel-w68d84c608b9a1-1-1-0\" class=\"so-panel widget widget_sow-image panel-first-child\" data-index=\"8\" ><div\n\t\t\t\n\t\t\tclass=\"so-widget-sow-image so-widget-sow-image-default-8b5b6f678277\"\n\t\t\t\n\t\t>\n<div class=\"sow-image-container\">\n\t\t<img \n\tsrc=\"https:\/\/medi.ee\/wp-content\/uploads\/2025\/08\/contact-placeholder.svg\" width=\"380\" height=\"182\" sizes=\"(max-width: 380px) 100vw, 380px\" alt=\"\" \t\tclass=\"so-widget-image\"\/>\n\t<\/div>\n\n<\/div><\/div><div id=\"panel-w68d84c608b9a1-1-1-1\" class=\"so-panel widget widget_theme-text panel-last-child\" data-index=\"9\" ><div\n\t\t\t\n\t\t\tclass=\"so-widget-theme-text so-widget-theme-text-base\"\n\t\t\t\n\t\t>\n<div class=\"theme-text-69f1933ed3ab0 \" id=\"theme-text-69f1933ed3ab0-content\">\n    <p><strong>Paavo Ala<\/strong><br \/>\nJuhatuse liige \/ asutaja<br \/>\n+372 505 9505<br \/>\n<a href=\"mailto:paavo.ala@medi.ee?subject=Kontakt medi.ee kodulehelt | V\u00f5tmeisikud\">paavo.ala@medi.ee<\/a><\/p>\n<\/div>\n\n<style>.theme-text-69f1933ed3ab0{color:#2c2626;font-weight:400;font-size:1.125rem;line-height:{1.875rem};margin:0 0 0 0;padding:0 0 0 0;text-align:left}.theme-text-69f1933ed3ab0.text-truncated{display:-webkit-box;-webkit-box-orient:vertical;-webkit-line-clamp:0;overflow:hidden;text-overflow:ellipsis}@media (max-width:767px){.theme-text-69f1933ed3ab0{font-size:1.125rem;line-height:{1.875rem};margin:0 0 0 0;padding:0 0 0 0;text-align:left}}<\/style><\/div><\/div><\/div><div id=\"pgc-w68d84c608b9a1-1-2\"  class=\"panel-grid-cell panel-grid-cell-empty\" ><\/div><\/div><\/div><\/div><\/div><\/div><\/div><\/div>","protected":false},"excerpt":{"rendered":"<p>Kristina Kraft M\u00fc\u00fcgi- ja b\u00fcrooassistent +372 661 8181 (E-R 09-17) kristina.kraft@medi.ee Kristin Juuresoo M\u00fc\u00fcgijuht +372 502 2007 kristin.juuresoo@medi.ee Vallo Aston Projektijuht +372 502 2497 vallo.aston@medi.ee Risto Eelmaa Juhatuse liige \/ asutaja +372 507 8691 risto.eelmaa@medi.ee Paavo Ala Juhatuse liige \/ asutaja +372 505 9505 paavo.ala@medi.ee<\/p>\n","protected":false},"author":1,"featured_media":0,"parent":5402,"menu_order":0,"comment_status":"closed","ping_status":"closed","template":"","meta":{"_acf_changed":false,"footnotes":""},"class_list":["post-5676","page","type-page","status-publish","hentry"],"acf":[],"yoast_head":"<!-- This site is optimized with the Yoast SEO plugin v27.3 - https:\/\/yoast.com\/product\/yoast-seo-wordpress\/ -->\n<title>\u041a\u043b\u044e\u0447\u0435\u0432\u044b\u0435 \u0438\u0433\u0440\u043e\u043a\u0438 | Medi.ee h\u00e4irenuputeenus<\/title>\n<meta name=\"description\" content=\"Medi h\u00e4irenuputeenus on eakatele ja puuetega inimestele m\u00f5eldud sotsiaalne valveteenus, mille abil saab alati \u00fche nupuvajutusega abi kutsuda!\" \/>\n<meta name=\"robots\" content=\"index, follow, max-snippet:-1, max-image-preview:large, max-video-preview:-1\" \/>\n<link rel=\"canonical\" href=\"https:\/\/medi.ee\/ru\/\u043e-\u043d\u0430\u0441\/\u043a\u043b\u044e\u0447\u0435\u0432\u044b\u0435-\u0438\u0433\u0440\u043e\u043a\u0438\/\" \/>\n<meta property=\"og:locale\" content=\"ru_RU\" \/>\n<meta property=\"og:type\" content=\"article\" \/>\n<meta property=\"og:title\" content=\"\u041a\u043b\u044e\u0447\u0435\u0432\u044b\u0435 \u0438\u0433\u0440\u043e\u043a\u0438 | Medi.ee h\u00e4irenuputeenus\" \/>\n<meta property=\"og:description\" content=\"Medi h\u00e4irenuputeenus on eakatele ja puuetega inimestele m\u00f5eldud sotsiaalne valveteenus, mille abil saab alati \u00fche nupuvajutusega abi kutsuda!\" \/>\n<meta property=\"og:url\" content=\"https:\/\/medi.ee\/ru\/\u043e-\u043d\u0430\u0441\/\u043a\u043b\u044e\u0447\u0435\u0432\u044b\u0435-\u0438\u0433\u0440\u043e\u043a\u0438\/\" \/>\n<meta property=\"og:site_name\" content=\"Medi.ee h\u00e4irenuputeenus\" \/>\n<meta property=\"article:publisher\" content=\"https:\/\/www.facebook.com\/medi.ee\" \/>\n<meta property=\"article:modified_time\" content=\"2026-04-25T09:00:35+00:00\" \/>\n<meta property=\"og:image\" content=\"https:\/\/medi.ee\/wp-content\/uploads\/2025\/09\/Group.jpg\" \/>\n\t<meta property=\"og:image:width\" content=\"1600\" \/>\n\t<meta property=\"og:image:height\" content=\"728\" \/>\n\t<meta property=\"og:image:type\" content=\"image\/jpeg\" \/>\n<meta name=\"twitter:card\" content=\"summary_large_image\" \/>\n<script type=\"application\/ld+json\" class=\"yoast-schema-graph\">{\"@context\":\"https:\\\/\\\/schema.org\",\"@graph\":[{\"@type\":\"WebPage\",\"@id\":\"https:\\\/\\\/medi.ee\\\/ru\\\/%d0%be-%d0%bd%d0%b0%d1%81\\\/%d0%ba%d0%bb%d1%8e%d1%87%d0%b5%d0%b2%d1%8b%d0%b5-%d0%b8%d0%b3%d1%80%d0%be%d0%ba%d0%b8\\\/\",\"url\":\"https:\\\/\\\/medi.ee\\\/ru\\\/%d0%be-%d0%bd%d0%b0%d1%81\\\/%d0%ba%d0%bb%d1%8e%d1%87%d0%b5%d0%b2%d1%8b%d0%b5-%d0%b8%d0%b3%d1%80%d0%be%d0%ba%d0%b8\\\/\",\"name\":\"\u041a\u043b\u044e\u0447\u0435\u0432\u044b\u0435 \u0438\u0433\u0440\u043e\u043a\u0438 | Medi.ee h\u00e4irenuputeenus\",\"isPartOf\":{\"@id\":\"https:\\\/\\\/medi.ee\\\/#website\"},\"datePublished\":\"2025-09-17T08:43:16+00:00\",\"dateModified\":\"2026-04-25T09:00:35+00:00\",\"description\":\"Medi h\u00e4irenuputeenus on eakatele ja puuetega inimestele m\u00f5eldud sotsiaalne valveteenus, mille abil saab alati \u00fche nupuvajutusega abi kutsuda!\",\"breadcrumb\":{\"@id\":\"https:\\\/\\\/medi.ee\\\/ru\\\/%d0%be-%d0%bd%d0%b0%d1%81\\\/%d0%ba%d0%bb%d1%8e%d1%87%d0%b5%d0%b2%d1%8b%d0%b5-%d0%b8%d0%b3%d1%80%d0%be%d0%ba%d0%b8\\\/#breadcrumb\"},\"inLanguage\":\"ru-RU\",\"potentialAction\":[{\"@type\":\"ReadAction\",\"target\":[\"https:\\\/\\\/medi.ee\\\/ru\\\/%d0%be-%d0%bd%d0%b0%d1%81\\\/%d0%ba%d0%bb%d1%8e%d1%87%d0%b5%d0%b2%d1%8b%d0%b5-%d0%b8%d0%b3%d1%80%d0%be%d0%ba%d0%b8\\\/\"]}]},{\"@type\":\"BreadcrumbList\",\"@id\":\"https:\\\/\\\/medi.ee\\\/ru\\\/%d0%be-%d0%bd%d0%b0%d1%81\\\/%d0%ba%d0%bb%d1%8e%d1%87%d0%b5%d0%b2%d1%8b%d0%b5-%d0%b8%d0%b3%d1%80%d0%be%d0%ba%d0%b8\\\/#breadcrumb\",\"itemListElement\":[{\"@type\":\"ListItem\",\"position\":1,\"name\":\"Home\",\"item\":\"https:\\\/\\\/medi.ee\\\/ru\\\/\"},{\"@type\":\"ListItem\",\"position\":2,\"name\":\"\u041e \u043d\u0430\u0441\",\"item\":\"https:\\\/\\\/medi.ee\\\/meist\\\/\"},{\"@type\":\"ListItem\",\"position\":3,\"name\":\"\u041a\u043b\u044e\u0447\u0435\u0432\u044b\u0435 \u0438\u0433\u0440\u043e\u043a\u0438\"}]},{\"@type\":\"WebSite\",\"@id\":\"https:\\\/\\\/medi.ee\\\/#website\",\"url\":\"https:\\\/\\\/medi.ee\\\/\",\"name\":\"Medi.ee h\u00e4irenuputeenus\",\"description\":\"Medi osutab professionaalset h\u00e4irenuputeenust, muid iseseisva turvalise elamise lahendusi, erinevaid \u00f5ekutses\u00fcsteeme hooldekodudele ja t\u00f6\u00f6taja turvalisuse lahendusi ettev\u00f5tetele.\",\"publisher\":{\"@id\":\"https:\\\/\\\/medi.ee\\\/#organization\"},\"potentialAction\":[{\"@type\":\"SearchAction\",\"target\":{\"@type\":\"EntryPoint\",\"urlTemplate\":\"https:\\\/\\\/medi.ee\\\/?s={search_term_string}\"},\"query-input\":{\"@type\":\"PropertyValueSpecification\",\"valueRequired\":true,\"valueName\":\"search_term_string\"}}],\"inLanguage\":\"ru-RU\"},{\"@type\":\"Organization\",\"@id\":\"https:\\\/\\\/medi.ee\\\/#organization\",\"name\":\"Medi.ee h\u00e4irenuputeenus\",\"url\":\"https:\\\/\\\/medi.ee\\\/\",\"logo\":{\"@type\":\"ImageObject\",\"inLanguage\":\"ru-RU\",\"@id\":\"https:\\\/\\\/medi.ee\\\/#\\\/schema\\\/logo\\\/image\\\/\",\"url\":\"https:\\\/\\\/medi.ee\\\/wp-content\\\/uploads\\\/2025\\\/09\\\/medi-logo.jpg\",\"contentUrl\":\"https:\\\/\\\/medi.ee\\\/wp-content\\\/uploads\\\/2025\\\/09\\\/medi-logo.jpg\",\"width\":600,\"height\":600,\"caption\":\"Medi.ee h\u00e4irenuputeenus\"},\"image\":{\"@id\":\"https:\\\/\\\/medi.ee\\\/#\\\/schema\\\/logo\\\/image\\\/\"},\"sameAs\":[\"https:\\\/\\\/www.facebook.com\\\/medi.ee\",\"https:\\\/\\\/ee.linkedin.com\\\/company\\\/meditech-estonia\",\"https:\\\/\\\/www.instagram.com\\\/medi.hairenupp\\\/\"]}]}<\/script>\n<!-- \/ Yoast SEO plugin. -->","yoast_head_json":{"title":"\u041a\u043b\u044e\u0447\u0435\u0432\u044b\u0435 \u0438\u0433\u0440\u043e\u043a\u0438 | Medi.ee h\u00e4irenuputeenus","description":"Medi h\u00e4irenuputeenus on eakatele ja puuetega inimestele m\u00f5eldud sotsiaalne valveteenus, mille abil saab alati \u00fche nupuvajutusega abi kutsuda!","robots":{"index":"index","follow":"follow","max-snippet":"max-snippet:-1","max-image-preview":"max-image-preview:large","max-video-preview":"max-video-preview:-1"},"canonical":"https:\/\/medi.ee\/ru\/\u043e-\u043d\u0430\u0441\/\u043a\u043b\u044e\u0447\u0435\u0432\u044b\u0435-\u0438\u0433\u0440\u043e\u043a\u0438\/","og_locale":"ru_RU","og_type":"article","og_title":"\u041a\u043b\u044e\u0447\u0435\u0432\u044b\u0435 \u0438\u0433\u0440\u043e\u043a\u0438 | Medi.ee h\u00e4irenuputeenus","og_description":"Medi h\u00e4irenuputeenus on eakatele ja puuetega inimestele m\u00f5eldud sotsiaalne valveteenus, mille abil saab alati \u00fche nupuvajutusega abi kutsuda!","og_url":"https:\/\/medi.ee\/ru\/\u043e-\u043d\u0430\u0441\/\u043a\u043b\u044e\u0447\u0435\u0432\u044b\u0435-\u0438\u0433\u0440\u043e\u043a\u0438\/","og_site_name":"Medi.ee h\u00e4irenuputeenus","article_publisher":"https:\/\/www.facebook.com\/medi.ee","article_modified_time":"2026-04-25T09:00:35+00:00","og_image":[{"width":1600,"height":728,"url":"https:\/\/medi.ee\/wp-content\/uploads\/2025\/09\/Group.jpg","type":"image\/jpeg"}],"twitter_card":"summary_large_image","schema":{"@context":"https:\/\/schema.org","@graph":[{"@type":"WebPage","@id":"https:\/\/medi.ee\/ru\/%d0%be-%d0%bd%d0%b0%d1%81\/%d0%ba%d0%bb%d1%8e%d1%87%d0%b5%d0%b2%d1%8b%d0%b5-%d0%b8%d0%b3%d1%80%d0%be%d0%ba%d0%b8\/","url":"https:\/\/medi.ee\/ru\/%d0%be-%d0%bd%d0%b0%d1%81\/%d0%ba%d0%bb%d1%8e%d1%87%d0%b5%d0%b2%d1%8b%d0%b5-%d0%b8%d0%b3%d1%80%d0%be%d0%ba%d0%b8\/","name":"\u041a\u043b\u044e\u0447\u0435\u0432\u044b\u0435 \u0438\u0433\u0440\u043e\u043a\u0438 | Medi.ee h\u00e4irenuputeenus","isPartOf":{"@id":"https:\/\/medi.ee\/#website"},"datePublished":"2025-09-17T08:43:16+00:00","dateModified":"2026-04-25T09:00:35+00:00","description":"Medi h\u00e4irenuputeenus on eakatele ja puuetega inimestele m\u00f5eldud sotsiaalne valveteenus, mille abil saab alati \u00fche nupuvajutusega abi kutsuda!","breadcrumb":{"@id":"https:\/\/medi.ee\/ru\/%d0%be-%d0%bd%d0%b0%d1%81\/%d0%ba%d0%bb%d1%8e%d1%87%d0%b5%d0%b2%d1%8b%d0%b5-%d0%b8%d0%b3%d1%80%d0%be%d0%ba%d0%b8\/#breadcrumb"},"inLanguage":"ru-RU","potentialAction":[{"@type":"ReadAction","target":["https:\/\/medi.ee\/ru\/%d0%be-%d0%bd%d0%b0%d1%81\/%d0%ba%d0%bb%d1%8e%d1%87%d0%b5%d0%b2%d1%8b%d0%b5-%d0%b8%d0%b3%d1%80%d0%be%d0%ba%d0%b8\/"]}]},{"@type":"BreadcrumbList","@id":"https:\/\/medi.ee\/ru\/%d0%be-%d0%bd%d0%b0%d1%81\/%d0%ba%d0%bb%d1%8e%d1%87%d0%b5%d0%b2%d1%8b%d0%b5-%d0%b8%d0%b3%d1%80%d0%be%d0%ba%d0%b8\/#breadcrumb","itemListElement":[{"@type":"ListItem","position":1,"name":"Home","item":"https:\/\/medi.ee\/ru\/"},{"@type":"ListItem","position":2,"name":"\u041e \u043d\u0430\u0441","item":"https:\/\/medi.ee\/meist\/"},{"@type":"ListItem","position":3,"name":"\u041a\u043b\u044e\u0447\u0435\u0432\u044b\u0435 \u0438\u0433\u0440\u043e\u043a\u0438"}]},{"@type":"WebSite","@id":"https:\/\/medi.ee\/#website","url":"https:\/\/medi.ee\/","name":"Medi.ee h\u00e4irenuputeenus","description":"Medi osutab professionaalset h\u00e4irenuputeenust, muid iseseisva turvalise elamise lahendusi, erinevaid \u00f5ekutses\u00fcsteeme hooldekodudele ja t\u00f6\u00f6taja turvalisuse lahendusi ettev\u00f5tetele.","publisher":{"@id":"https:\/\/medi.ee\/#organization"},"potentialAction":[{"@type":"SearchAction","target":{"@type":"EntryPoint","urlTemplate":"https:\/\/medi.ee\/?s={search_term_string}"},"query-input":{"@type":"PropertyValueSpecification","valueRequired":true,"valueName":"search_term_string"}}],"inLanguage":"ru-RU"},{"@type":"Organization","@id":"https:\/\/medi.ee\/#organization","name":"Medi.ee h\u00e4irenuputeenus","url":"https:\/\/medi.ee\/","logo":{"@type":"ImageObject","inLanguage":"ru-RU","@id":"https:\/\/medi.ee\/#\/schema\/logo\/image\/","url":"https:\/\/medi.ee\/wp-content\/uploads\/2025\/09\/medi-logo.jpg","contentUrl":"https:\/\/medi.ee\/wp-content\/uploads\/2025\/09\/medi-logo.jpg","width":600,"height":600,"caption":"Medi.ee h\u00e4irenuputeenus"},"image":{"@id":"https:\/\/medi.ee\/#\/schema\/logo\/image\/"},"sameAs":["https:\/\/www.facebook.com\/medi.ee","https:\/\/ee.linkedin.com\/company\/meditech-estonia","https:\/\/www.instagram.com\/medi.hairenupp\/"]}]}},"_links":{"self":[{"href":"https:\/\/www.medi.ee\/ru\/wp-json\/wp\/v2\/pages\/5676","targetHints":{"allow":["GET"]}}],"collection":[{"href":"https:\/\/www.medi.ee\/ru\/wp-json\/wp\/v2\/pages"}],"about":[{"href":"https:\/\/www.medi.ee\/ru\/wp-json\/wp\/v2\/types\/page"}],"author":[{"embeddable":true,"href":"https:\/\/www.medi.ee\/ru\/wp-json\/wp\/v2\/users\/1"}],"replies":[{"embeddable":true,"href":"https:\/\/www.medi.ee\/ru\/wp-json\/wp\/v2\/comments?post=5676"}],"version-history":[{"count":3,"href":"https:\/\/www.medi.ee\/ru\/wp-json\/wp\/v2\/pages\/5676\/revisions"}],"predecessor-version":[{"id":5693,"href":"https:\/\/www.medi.ee\/ru\/wp-json\/wp\/v2\/pages\/5676\/revisions\/5693"}],"up":[{"embeddable":true,"href":"https:\/\/www.medi.ee\/ru\/wp-json\/wp\/v2\/pages\/5402"}],"wp:attachment":[{"href":"https:\/\/www.medi.ee\/ru\/wp-json\/wp\/v2\/media?parent=5676"}],"curies":[{"name":"wp","href":"https:\/\/api.w.org\/{rel}","templated":true}]}}