{"id":5660,"date":"2025-09-26T09:06:29","date_gmt":"2025-09-26T06:06:29","guid":{"rendered":"https:\/\/medi.ee\/%d1%86%d0%b5%d0%bd%d1%8b-%d0%bd%d0%b0-%d0%be%d0%b1%d0%be%d1%80%d1%83%d0%b4%d0%be%d0%b2%d0%b0%d0%bd%d0%b8%d0%b5\/"},"modified":"2026-04-25T12:00:43","modified_gmt":"2026-04-25T09:00:43","slug":"%d1%86%d0%b5%d0%bd%d1%8b-%d0%bd%d0%b0-%d0%be%d0%b1%d0%be%d1%80%d1%83%d0%b4%d0%be%d0%b2%d0%b0%d0%bd%d0%b8%d0%b5","status":"publish","type":"page","link":"https:\/\/www.medi.ee\/ru\/%d1%83%d1%81%d0%bb%d1%83%d0%b3%d0%b0-%d1%82%d1%80%d0%b5%d0%b2%d0%be%d0%b6%d0%bd%d0%be%d0%b9-%d0%ba%d0%bd%d0%be%d0%bf%d0%ba%d0%b8\/%d1%86%d0%b5%d0%bd%d0%be%d0%b2%d1%8b%d0%b5-%d0%bf%d0%b0%d0%ba%d0%b5%d1%82%d1%8b\/%d1%86%d0%b5%d0%bd%d1%8b-%d0%bd%d0%b0-%d0%be%d0%b1%d0%be%d1%80%d1%83%d0%b4%d0%be%d0%b2%d0%b0%d0%bd%d0%b8%d0%b5\/","title":{"rendered":"\u0426\u0435\u043d\u044b \u043d\u0430 \u043e\u0431\u043e\u0440\u0443\u0434\u043e\u0432\u0430\u043d\u0438\u0435"},"content":{"rendered":"<div id=\"pl-5660\"  class=\"panel-layout\" ><div id=\"pg-5660-0\"  class=\"panel-grid panel-no-style\" ><div id=\"pgc-5660-0-0\"  class=\"panel-grid-cell\" ><div id=\"panel-5660-0-0-0\" class=\"so-panel widget widget_theme-text panel-first-child panel-last-child\" data-index=\"0\" ><div class=\"panel-widget-style panel-widget-style-for-5660-0-0-0\" ><div\n\t\t\t\n\t\t\tclass=\"so-widget-theme-text so-widget-theme-text-base\"\n\t\t\t\n\t\t>\n<div class=\"theme-text-69f4ddf531d53 \" id=\"theme-text-69f4ddf531d53-content\">\n    <p>K\u00fcsige ka lisaseadmeid ja -andureid, mis teatavad toimunud \u00f5nnetusest - suitsust, vingugaasist, liikumisest v\u00f5i liikumatusest, uksest v\u00e4ljumisest vm \u2013 automaatselt, ilma hoolealuse h\u00e4irenupu vajutuseta.<\/p>\n<table style=\"height: 301px;width: 100%;border-collapse: collapse\" border=\"1\" width=\"100%\">\n<tbody>\n<tr style=\"height: 24px\">\n<td style=\"width: 80%;height: 24px\" width=\"80%\"><strong>H\u00e4irenuputeenuse seadmekomplektid ja lisaandurid<\/strong><\/td>\n<td style=\"width: 20%;height: 24px\" width=\"20%\">Maksumus<\/td>\n<\/tr>\n<tr style=\"height: 10px\">\n<td style=\"width: 80%;height: 10px\"><strong>Hoolekandetelefon, kukkumisanduriga h\u00e4irenupp<\/strong> <em>\u201eVibby Oak\u201c<\/em> randme- ja kaelapaelaga, vooluadapter \/ kuu \u00fc\u00fcr<\/td>\n<td style=\"width: 20%;height: 10px\">559\u20ac \/ 24\u20ac<\/td>\n<\/tr>\n<tr style=\"height: 37px\">\n<td style=\"width: 80%;height: 17px\"><strong>Hoolekandetelefon<\/strong>, ilma kukkumisandurita h\u00e4irenupp Tx4 randme- ja kaelapaelaga, vooluadapter \/ kuu \u00fc\u00fcr<\/td>\n<td style=\"width: 20%;height: 17px\">445\u20ac \/ 10\u20ac<\/td>\n<\/tr>\n<tr>\n<td style=\"width: 80%\"><strong>Hoolekandetelefon, kukkumisanduriga h\u00e4irenupp<\/strong> <em>\u201eVibby Oak\u201c<\/em>, <strong>suitsuandur<\/strong>, vooluadapter \/ kuu \u00fc\u00fcr<\/td>\n<td style=\"width: 20%\">740\u20ac \/ 32\u20ac<\/td>\n<\/tr>\n<tr style=\"height: 24px\">\n<td style=\"width: 80%;height: 24px\"><strong>Kukkumisanduriga h\u00e4irenupp<\/strong>\u00a0<em>\u201cVibby Oak\u201d<\/em>\u00a0randme- ja kaelapaelaga \/ kuu \u00fc\u00fcr<\/td>\n<td style=\"width: 20%;height: 24px\">259\u20ac \/ 15\u20ac<\/td>\n<\/tr>\n<tr style=\"height: 24px\">\n<td style=\"width: 80%;height: 24px\"><strong>Optiline suitsuandur<\/strong>\u00a0koos ca 5a kestusega patareiga \/ kuu \u00fc\u00fcr<\/td>\n<td style=\"width: 20%;height: 24px\">179\u20ac \/ 8\u20ac<\/td>\n<\/tr>\n<tr style=\"height: 24px\">\n<td style=\"width: 80%;height: 24px\"><strong>Vingugaasiandur (CO)<\/strong>\u00a0\/ kuu \u00fc\u00fcr<\/td>\n<td style=\"width: 20%;height: 24px\">179\u20ac \/ 8\u20ac<\/td>\n<\/tr>\n<tr style=\"height: 24px\">\n<td style=\"width: 80%;height: 24px\">H\u00e4irenupu Tx4 patarei kestusega ~5 aastat<\/td>\n<td style=\"width: 20%;height: 24px\">20\u20ac<\/td>\n<\/tr>\n<tr style=\"height: 24px\">\n<td style=\"width: 80%;height: 24px\">Hoolekandetelefoni Careline (IP) GSM R1\/R2 vooluadapter<\/td>\n<td style=\"width: 20%;height: 24px\">30\u20ac<\/td>\n<\/tr>\n<tr style=\"height: 24px\">\n<td style=\"width: 80%;height: 24px\">Kukkumisanduriga h\u00e4irenupu patarei kestusega ~2 aastat<\/td>\n<td style=\"width: 20%;height: 24px\">32\u20ac<\/td>\n<\/tr>\n<tr style=\"height: 24px\">\n<td style=\"width: 80%;height: 24px\">Kukkumisanduriga h\u00e4irenupu\u00a0<em>\u201cVibby Oak\u201d<\/em>\u00a0\/ VBC randmepael<\/td>\n<td style=\"width: 20%;height: 24px\">17\u20ac<\/td>\n<\/tr>\n<tr style=\"height: 24px\">\n<td style=\"width: 80%;height: 24px\">Infrapuna liikumisandur koos patareiga<\/td>\n<td style=\"width: 20%;height: 24px\">295\u20ac<\/td>\n<\/tr>\n<tr style=\"height: 24px\">\n<td style=\"width: 80%;height: 24px\">Ukseandur<\/td>\n<td style=\"width: 20%;height: 24px\">225\u20ac<\/td>\n<\/tr>\n<tr style=\"height: 24px\">\n<td style=\"width: 80%;height: 24px\">P\u00f5randamatt\/uksematt<\/td>\n<td style=\"width: 20%;height: 24px\">225\u20ac<\/td>\n<\/tr>\n<\/tbody>\n<\/table>\n<p>Hinnad kehtivad alates 01.07.2025 ja sisaldavad k\u00e4ibemaksu 24%. Smartposti pakiautomaati saatmisel lisandub saatekulu 4.00\u20ac (paki suurus XS ja S).<\/p>\n<\/div>\n\n<style>.theme-text-69f4ddf531d53{color:#2C2626;font-weight:400;font-size:1rem;line-height:{normal};margin:0 0 0 0;padding:0 0 0 0;text-align:left}.theme-text-69f4ddf531d53.text-truncated{display:-webkit-box;-webkit-box-orient:vertical;-webkit-line-clamp:0;overflow:hidden;text-overflow:ellipsis}@media (max-width:767px){.theme-text-69f4ddf531d53{font-size:.9rem;line-height:{normal};margin:0 0 0 0;padding:0 0 0 0;text-align:left}}<\/style><\/div><\/div><\/div><\/div><\/div><\/div>","protected":false},"excerpt":{"rendered":"<p>K\u00fcsige ka lisaseadmeid ja -andureid, mis teatavad toimunud \u00f5nnetusest &#8212; suitsust, vingugaasist, liikumisest v\u00f5i liikumatusest, uksest v\u00e4ljumisest vm \u2013 automaatselt, ilma hoolealuse h\u00e4irenupu vajutuseta. H\u00e4irenuputeenuse seadmekomplektid ja lisaandurid Maksumus Hoolekandetelefon, kukkumisanduriga h\u00e4irenupp \u201eVibby Oak\u201c randme- ja kaelapaelaga, vooluadapter \/ kuu \u00fc\u00fcr 559\u20ac \/ 24\u20ac Hoolekandetelefon, ilma kukkumisandurita h\u00e4irenupp Tx4 randme- ja kaelapaelaga, vooluadapter \/ kuu [&hellip;]<\/p>\n","protected":false},"author":1,"featured_media":0,"parent":5709,"menu_order":0,"comment_status":"closed","ping_status":"closed","template":"","meta":{"_acf_changed":false,"footnotes":""},"class_list":["post-5660","page","type-page","status-publish","hentry"],"acf":[],"yoast_head":"<!-- This site is optimized with the Yoast SEO plugin v27.3 - https:\/\/yoast.com\/product\/yoast-seo-wordpress\/ -->\n<title>\u0426\u0435\u043d\u044b \u043d\u0430 \u043e\u0431\u043e\u0440\u0443\u0434\u043e\u0432\u0430\u043d\u0438\u0435 | Medi.ee h\u00e4irenuputeenus<\/title>\n<meta name=\"description\" content=\"Medi h\u00e4irenuputeenus on eakatele ja puuetega inimestele m\u00f5eldud sotsiaalne valveteenus, mille abil saab alati \u00fche nupuvajutusega abi kutsuda!\" \/>\n<meta name=\"robots\" content=\"index, follow, max-snippet:-1, max-image-preview:large, max-video-preview:-1\" \/>\n<link rel=\"canonical\" href=\"https:\/\/www.medi.ee\/ru\/\u0443\u0441\u043b\u0443\u0433\u0430-\u0442\u0440\u0435\u0432\u043e\u0436\u043d\u043e\u0439-\u043a\u043d\u043e\u043f\u043a\u0438\/\u0446\u0435\u043d\u043e\u0432\u044b\u0435-\u043f\u0430\u043a\u0435\u0442\u044b\/\u0446\u0435\u043d\u044b-\u043d\u0430-\u043e\u0431\u043e\u0440\u0443\u0434\u043e\u0432\u0430\u043d\u0438\u0435\/\" \/>\n<meta property=\"og:locale\" content=\"ru_RU\" \/>\n<meta property=\"og:type\" content=\"article\" \/>\n<meta property=\"og:title\" content=\"\u0426\u0435\u043d\u044b \u043d\u0430 \u043e\u0431\u043e\u0440\u0443\u0434\u043e\u0432\u0430\u043d\u0438\u0435 | Medi.ee h\u00e4irenuputeenus\" \/>\n<meta property=\"og:description\" content=\"Medi h\u00e4irenuputeenus on eakatele ja puuetega inimestele m\u00f5eldud sotsiaalne valveteenus, mille abil saab alati \u00fche nupuvajutusega abi kutsuda!\" \/>\n<meta property=\"og:url\" content=\"https:\/\/www.medi.ee\/ru\/\u0443\u0441\u043b\u0443\u0433\u0430-\u0442\u0440\u0435\u0432\u043e\u0436\u043d\u043e\u0439-\u043a\u043d\u043e\u043f\u043a\u0438\/\u0446\u0435\u043d\u043e\u0432\u044b\u0435-\u043f\u0430\u043a\u0435\u0442\u044b\/\u0446\u0435\u043d\u044b-\u043d\u0430-\u043e\u0431\u043e\u0440\u0443\u0434\u043e\u0432\u0430\u043d\u0438\u0435\/\" \/>\n<meta property=\"og:site_name\" content=\"Medi.ee h\u00e4irenuputeenus\" \/>\n<meta property=\"article:publisher\" content=\"https:\/\/www.facebook.com\/medi.ee\" \/>\n<meta property=\"article:modified_time\" content=\"2026-04-25T09:00:43+00:00\" \/>\n<meta property=\"og:image\" content=\"https:\/\/medi.ee\/wp-content\/uploads\/2025\/09\/Group.jpg\" \/>\n\t<meta property=\"og:image:width\" content=\"1600\" \/>\n\t<meta property=\"og:image:height\" content=\"728\" \/>\n\t<meta property=\"og:image:type\" content=\"image\/jpeg\" \/>\n<meta name=\"twitter:card\" content=\"summary_large_image\" \/>\n<script type=\"application\/ld+json\" class=\"yoast-schema-graph\">{\"@context\":\"https:\\\/\\\/schema.org\",\"@graph\":[{\"@type\":\"WebPage\",\"@id\":\"https:\\\/\\\/www.medi.ee\\\/ru\\\/%d1%83%d1%81%d0%bb%d1%83%d0%b3%d0%b0-%d1%82%d1%80%d0%b5%d0%b2%d0%be%d0%b6%d0%bd%d0%be%d0%b9-%d0%ba%d0%bd%d0%be%d0%bf%d0%ba%d0%b8\\\/%d1%86%d0%b5%d0%bd%d0%be%d0%b2%d1%8b%d0%b5-%d0%bf%d0%b0%d0%ba%d0%b5%d1%82%d1%8b\\\/%d1%86%d0%b5%d0%bd%d1%8b-%d0%bd%d0%b0-%d0%be%d0%b1%d0%be%d1%80%d1%83%d0%b4%d0%be%d0%b2%d0%b0%d0%bd%d0%b8%d0%b5\\\/\",\"url\":\"https:\\\/\\\/www.medi.ee\\\/ru\\\/%d1%83%d1%81%d0%bb%d1%83%d0%b3%d0%b0-%d1%82%d1%80%d0%b5%d0%b2%d0%be%d0%b6%d0%bd%d0%be%d0%b9-%d0%ba%d0%bd%d0%be%d0%bf%d0%ba%d0%b8\\\/%d1%86%d0%b5%d0%bd%d0%be%d0%b2%d1%8b%d0%b5-%d0%bf%d0%b0%d0%ba%d0%b5%d1%82%d1%8b\\\/%d1%86%d0%b5%d0%bd%d1%8b-%d0%bd%d0%b0-%d0%be%d0%b1%d0%be%d1%80%d1%83%d0%b4%d0%be%d0%b2%d0%b0%d0%bd%d0%b8%d0%b5\\\/\",\"name\":\"\u0426\u0435\u043d\u044b \u043d\u0430 \u043e\u0431\u043e\u0440\u0443\u0434\u043e\u0432\u0430\u043d\u0438\u0435 | Medi.ee h\u00e4irenuputeenus\",\"isPartOf\":{\"@id\":\"https:\\\/\\\/www.medi.ee\\\/ru\\\/#website\"},\"datePublished\":\"2025-09-26T06:06:29+00:00\",\"dateModified\":\"2026-04-25T09:00:43+00:00\",\"description\":\"Medi h\u00e4irenuputeenus on eakatele ja puuetega inimestele m\u00f5eldud sotsiaalne valveteenus, mille abil saab alati \u00fche nupuvajutusega abi kutsuda!\",\"breadcrumb\":{\"@id\":\"https:\\\/\\\/www.medi.ee\\\/ru\\\/%d1%83%d1%81%d0%bb%d1%83%d0%b3%d0%b0-%d1%82%d1%80%d0%b5%d0%b2%d0%be%d0%b6%d0%bd%d0%be%d0%b9-%d0%ba%d0%bd%d0%be%d0%bf%d0%ba%d0%b8\\\/%d1%86%d0%b5%d0%bd%d0%be%d0%b2%d1%8b%d0%b5-%d0%bf%d0%b0%d0%ba%d0%b5%d1%82%d1%8b\\\/%d1%86%d0%b5%d0%bd%d1%8b-%d0%bd%d0%b0-%d0%be%d0%b1%d0%be%d1%80%d1%83%d0%b4%d0%be%d0%b2%d0%b0%d0%bd%d0%b8%d0%b5\\\/#breadcrumb\"},\"inLanguage\":\"ru-RU\",\"potentialAction\":[{\"@type\":\"ReadAction\",\"target\":[\"https:\\\/\\\/www.medi.ee\\\/ru\\\/%d1%83%d1%81%d0%bb%d1%83%d0%b3%d0%b0-%d1%82%d1%80%d0%b5%d0%b2%d0%be%d0%b6%d0%bd%d0%be%d0%b9-%d0%ba%d0%bd%d0%be%d0%bf%d0%ba%d0%b8\\\/%d1%86%d0%b5%d0%bd%d0%be%d0%b2%d1%8b%d0%b5-%d0%bf%d0%b0%d0%ba%d0%b5%d1%82%d1%8b\\\/%d1%86%d0%b5%d0%bd%d1%8b-%d0%bd%d0%b0-%d0%be%d0%b1%d0%be%d1%80%d1%83%d0%b4%d0%be%d0%b2%d0%b0%d0%bd%d0%b8%d0%b5\\\/\"]}]},{\"@type\":\"BreadcrumbList\",\"@id\":\"https:\\\/\\\/www.medi.ee\\\/ru\\\/%d1%83%d1%81%d0%bb%d1%83%d0%b3%d0%b0-%d1%82%d1%80%d0%b5%d0%b2%d0%be%d0%b6%d0%bd%d0%be%d0%b9-%d0%ba%d0%bd%d0%be%d0%bf%d0%ba%d0%b8\\\/%d1%86%d0%b5%d0%bd%d0%be%d0%b2%d1%8b%d0%b5-%d0%bf%d0%b0%d0%ba%d0%b5%d1%82%d1%8b\\\/%d1%86%d0%b5%d0%bd%d1%8b-%d0%bd%d0%b0-%d0%be%d0%b1%d0%be%d1%80%d1%83%d0%b4%d0%be%d0%b2%d0%b0%d0%bd%d0%b8%d0%b5\\\/#breadcrumb\",\"itemListElement\":[{\"@type\":\"ListItem\",\"position\":1,\"name\":\"Home\",\"item\":\"https:\\\/\\\/www.medi.ee\\\/ru\\\/\"},{\"@type\":\"ListItem\",\"position\":2,\"name\":\"\u0423\u0441\u043b\u0443\u0433\u0430 \u043e\u0442\u0432\u043b\u0435\u0447\u0435\u043d\u0438\u044f \u0432\u043d\u0438\u043c\u0430\u043d\u0438\u044f\",\"item\":\"https:\\\/\\\/www.medi.ee\\\/ru\\\/%d1%83%d1%81%d0%bb%d1%83%d0%b3%d0%b0-%d1%82%d1%80%d0%b5%d0%b2%d0%be%d0%b6%d0%bd%d0%be%d0%b9-%d0%ba%d0%bd%d0%be%d0%bf%d0%ba%d0%b8\\\/\"},{\"@type\":\"ListItem\",\"position\":3,\"name\":\"\u0426\u0435\u043d\u043e\u0432\u044b\u0435 \u043f\u0430\u043a\u0435\u0442\u044b\",\"item\":\"https:\\\/\\\/www.medi.ee\\\/ru\\\/%d1%83%d1%81%d0%bb%d1%83%d0%b3%d0%b0-%d1%82%d1%80%d0%b5%d0%b2%d0%be%d0%b6%d0%bd%d0%be%d0%b9-%d0%ba%d0%bd%d0%be%d0%bf%d0%ba%d0%b8\\\/%d1%86%d0%b5%d0%bd%d0%be%d0%b2%d1%8b%d0%b5-%d0%bf%d0%b0%d0%ba%d0%b5%d1%82%d1%8b\\\/\"},{\"@type\":\"ListItem\",\"position\":4,\"name\":\"\u0426\u0435\u043d\u044b \u043d\u0430 \u043e\u0431\u043e\u0440\u0443\u0434\u043e\u0432\u0430\u043d\u0438\u0435\"}]},{\"@type\":\"WebSite\",\"@id\":\"https:\\\/\\\/www.medi.ee\\\/ru\\\/#website\",\"url\":\"https:\\\/\\\/www.medi.ee\\\/ru\\\/\",\"name\":\"Medi.ee h\u00e4irenuputeenus\",\"description\":\"Medi osutab professionaalset h\u00e4irenuputeenust, muid iseseisva turvalise elamise lahendusi, erinevaid \u00f5ekutses\u00fcsteeme hooldekodudele ja t\u00f6\u00f6taja turvalisuse lahendusi ettev\u00f5tetele.\",\"publisher\":{\"@id\":\"https:\\\/\\\/www.medi.ee\\\/ru\\\/#organization\"},\"potentialAction\":[{\"@type\":\"SearchAction\",\"target\":{\"@type\":\"EntryPoint\",\"urlTemplate\":\"https:\\\/\\\/www.medi.ee\\\/ru\\\/?s={search_term_string}\"},\"query-input\":{\"@type\":\"PropertyValueSpecification\",\"valueRequired\":true,\"valueName\":\"search_term_string\"}}],\"inLanguage\":\"ru-RU\"},{\"@type\":\"Organization\",\"@id\":\"https:\\\/\\\/www.medi.ee\\\/ru\\\/#organization\",\"name\":\"Medi.ee h\u00e4irenuputeenus\",\"url\":\"https:\\\/\\\/www.medi.ee\\\/ru\\\/\",\"logo\":{\"@type\":\"ImageObject\",\"inLanguage\":\"ru-RU\",\"@id\":\"https:\\\/\\\/www.medi.ee\\\/ru\\\/#\\\/schema\\\/logo\\\/image\\\/\",\"url\":\"https:\\\/\\\/medi.ee\\\/wp-content\\\/uploads\\\/2025\\\/09\\\/medi-logo.jpg\",\"contentUrl\":\"https:\\\/\\\/medi.ee\\\/wp-content\\\/uploads\\\/2025\\\/09\\\/medi-logo.jpg\",\"width\":600,\"height\":600,\"caption\":\"Medi.ee h\u00e4irenuputeenus\"},\"image\":{\"@id\":\"https:\\\/\\\/www.medi.ee\\\/ru\\\/#\\\/schema\\\/logo\\\/image\\\/\"},\"sameAs\":[\"https:\\\/\\\/www.facebook.com\\\/medi.ee\",\"https:\\\/\\\/ee.linkedin.com\\\/company\\\/meditech-estonia\",\"https:\\\/\\\/www.instagram.com\\\/medi.hairenupp\\\/\"]}]}<\/script>\n<!-- \/ Yoast SEO plugin. -->","yoast_head_json":{"title":"\u0426\u0435\u043d\u044b \u043d\u0430 \u043e\u0431\u043e\u0440\u0443\u0434\u043e\u0432\u0430\u043d\u0438\u0435 | Medi.ee h\u00e4irenuputeenus","description":"Medi h\u00e4irenuputeenus on eakatele ja puuetega inimestele m\u00f5eldud sotsiaalne valveteenus, mille abil saab alati \u00fche nupuvajutusega abi kutsuda!","robots":{"index":"index","follow":"follow","max-snippet":"max-snippet:-1","max-image-preview":"max-image-preview:large","max-video-preview":"max-video-preview:-1"},"canonical":"https:\/\/www.medi.ee\/ru\/\u0443\u0441\u043b\u0443\u0433\u0430-\u0442\u0440\u0435\u0432\u043e\u0436\u043d\u043e\u0439-\u043a\u043d\u043e\u043f\u043a\u0438\/\u0446\u0435\u043d\u043e\u0432\u044b\u0435-\u043f\u0430\u043a\u0435\u0442\u044b\/\u0446\u0435\u043d\u044b-\u043d\u0430-\u043e\u0431\u043e\u0440\u0443\u0434\u043e\u0432\u0430\u043d\u0438\u0435\/","og_locale":"ru_RU","og_type":"article","og_title":"\u0426\u0435\u043d\u044b \u043d\u0430 \u043e\u0431\u043e\u0440\u0443\u0434\u043e\u0432\u0430\u043d\u0438\u0435 | Medi.ee h\u00e4irenuputeenus","og_description":"Medi h\u00e4irenuputeenus on eakatele ja puuetega inimestele m\u00f5eldud sotsiaalne valveteenus, mille abil saab alati \u00fche nupuvajutusega abi kutsuda!","og_url":"https:\/\/www.medi.ee\/ru\/\u0443\u0441\u043b\u0443\u0433\u0430-\u0442\u0440\u0435\u0432\u043e\u0436\u043d\u043e\u0439-\u043a\u043d\u043e\u043f\u043a\u0438\/\u0446\u0435\u043d\u043e\u0432\u044b\u0435-\u043f\u0430\u043a\u0435\u0442\u044b\/\u0446\u0435\u043d\u044b-\u043d\u0430-\u043e\u0431\u043e\u0440\u0443\u0434\u043e\u0432\u0430\u043d\u0438\u0435\/","og_site_name":"Medi.ee h\u00e4irenuputeenus","article_publisher":"https:\/\/www.facebook.com\/medi.ee","article_modified_time":"2026-04-25T09:00:43+00:00","og_image":[{"width":1600,"height":728,"url":"https:\/\/medi.ee\/wp-content\/uploads\/2025\/09\/Group.jpg","type":"image\/jpeg"}],"twitter_card":"summary_large_image","schema":{"@context":"https:\/\/schema.org","@graph":[{"@type":"WebPage","@id":"https:\/\/www.medi.ee\/ru\/%d1%83%d1%81%d0%bb%d1%83%d0%b3%d0%b0-%d1%82%d1%80%d0%b5%d0%b2%d0%be%d0%b6%d0%bd%d0%be%d0%b9-%d0%ba%d0%bd%d0%be%d0%bf%d0%ba%d0%b8\/%d1%86%d0%b5%d0%bd%d0%be%d0%b2%d1%8b%d0%b5-%d0%bf%d0%b0%d0%ba%d0%b5%d1%82%d1%8b\/%d1%86%d0%b5%d0%bd%d1%8b-%d0%bd%d0%b0-%d0%be%d0%b1%d0%be%d1%80%d1%83%d0%b4%d0%be%d0%b2%d0%b0%d0%bd%d0%b8%d0%b5\/","url":"https:\/\/www.medi.ee\/ru\/%d1%83%d1%81%d0%bb%d1%83%d0%b3%d0%b0-%d1%82%d1%80%d0%b5%d0%b2%d0%be%d0%b6%d0%bd%d0%be%d0%b9-%d0%ba%d0%bd%d0%be%d0%bf%d0%ba%d0%b8\/%d1%86%d0%b5%d0%bd%d0%be%d0%b2%d1%8b%d0%b5-%d0%bf%d0%b0%d0%ba%d0%b5%d1%82%d1%8b\/%d1%86%d0%b5%d0%bd%d1%8b-%d0%bd%d0%b0-%d0%be%d0%b1%d0%be%d1%80%d1%83%d0%b4%d0%be%d0%b2%d0%b0%d0%bd%d0%b8%d0%b5\/","name":"\u0426\u0435\u043d\u044b \u043d\u0430 \u043e\u0431\u043e\u0440\u0443\u0434\u043e\u0432\u0430\u043d\u0438\u0435 | Medi.ee h\u00e4irenuputeenus","isPartOf":{"@id":"https:\/\/www.medi.ee\/ru\/#website"},"datePublished":"2025-09-26T06:06:29+00:00","dateModified":"2026-04-25T09:00:43+00:00","description":"Medi h\u00e4irenuputeenus on eakatele ja puuetega inimestele m\u00f5eldud sotsiaalne valveteenus, mille abil saab alati \u00fche nupuvajutusega abi kutsuda!","breadcrumb":{"@id":"https:\/\/www.medi.ee\/ru\/%d1%83%d1%81%d0%bb%d1%83%d0%b3%d0%b0-%d1%82%d1%80%d0%b5%d0%b2%d0%be%d0%b6%d0%bd%d0%be%d0%b9-%d0%ba%d0%bd%d0%be%d0%bf%d0%ba%d0%b8\/%d1%86%d0%b5%d0%bd%d0%be%d0%b2%d1%8b%d0%b5-%d0%bf%d0%b0%d0%ba%d0%b5%d1%82%d1%8b\/%d1%86%d0%b5%d0%bd%d1%8b-%d0%bd%d0%b0-%d0%be%d0%b1%d0%be%d1%80%d1%83%d0%b4%d0%be%d0%b2%d0%b0%d0%bd%d0%b8%d0%b5\/#breadcrumb"},"inLanguage":"ru-RU","potentialAction":[{"@type":"ReadAction","target":["https:\/\/www.medi.ee\/ru\/%d1%83%d1%81%d0%bb%d1%83%d0%b3%d0%b0-%d1%82%d1%80%d0%b5%d0%b2%d0%be%d0%b6%d0%bd%d0%be%d0%b9-%d0%ba%d0%bd%d0%be%d0%bf%d0%ba%d0%b8\/%d1%86%d0%b5%d0%bd%d0%be%d0%b2%d1%8b%d0%b5-%d0%bf%d0%b0%d0%ba%d0%b5%d1%82%d1%8b\/%d1%86%d0%b5%d0%bd%d1%8b-%d0%bd%d0%b0-%d0%be%d0%b1%d0%be%d1%80%d1%83%d0%b4%d0%be%d0%b2%d0%b0%d0%bd%d0%b8%d0%b5\/"]}]},{"@type":"BreadcrumbList","@id":"https:\/\/www.medi.ee\/ru\/%d1%83%d1%81%d0%bb%d1%83%d0%b3%d0%b0-%d1%82%d1%80%d0%b5%d0%b2%d0%be%d0%b6%d0%bd%d0%be%d0%b9-%d0%ba%d0%bd%d0%be%d0%bf%d0%ba%d0%b8\/%d1%86%d0%b5%d0%bd%d0%be%d0%b2%d1%8b%d0%b5-%d0%bf%d0%b0%d0%ba%d0%b5%d1%82%d1%8b\/%d1%86%d0%b5%d0%bd%d1%8b-%d0%bd%d0%b0-%d0%be%d0%b1%d0%be%d1%80%d1%83%d0%b4%d0%be%d0%b2%d0%b0%d0%bd%d0%b8%d0%b5\/#breadcrumb","itemListElement":[{"@type":"ListItem","position":1,"name":"Home","item":"https:\/\/www.medi.ee\/ru\/"},{"@type":"ListItem","position":2,"name":"\u0423\u0441\u043b\u0443\u0433\u0430 \u043e\u0442\u0432\u043b\u0435\u0447\u0435\u043d\u0438\u044f \u0432\u043d\u0438\u043c\u0430\u043d\u0438\u044f","item":"https:\/\/www.medi.ee\/ru\/%d1%83%d1%81%d0%bb%d1%83%d0%b3%d0%b0-%d1%82%d1%80%d0%b5%d0%b2%d0%be%d0%b6%d0%bd%d0%be%d0%b9-%d0%ba%d0%bd%d0%be%d0%bf%d0%ba%d0%b8\/"},{"@type":"ListItem","position":3,"name":"\u0426\u0435\u043d\u043e\u0432\u044b\u0435 \u043f\u0430\u043a\u0435\u0442\u044b","item":"https:\/\/www.medi.ee\/ru\/%d1%83%d1%81%d0%bb%d1%83%d0%b3%d0%b0-%d1%82%d1%80%d0%b5%d0%b2%d0%be%d0%b6%d0%bd%d0%be%d0%b9-%d0%ba%d0%bd%d0%be%d0%bf%d0%ba%d0%b8\/%d1%86%d0%b5%d0%bd%d0%be%d0%b2%d1%8b%d0%b5-%d0%bf%d0%b0%d0%ba%d0%b5%d1%82%d1%8b\/"},{"@type":"ListItem","position":4,"name":"\u0426\u0435\u043d\u044b \u043d\u0430 \u043e\u0431\u043e\u0440\u0443\u0434\u043e\u0432\u0430\u043d\u0438\u0435"}]},{"@type":"WebSite","@id":"https:\/\/www.medi.ee\/ru\/#website","url":"https:\/\/www.medi.ee\/ru\/","name":"Medi.ee h\u00e4irenuputeenus","description":"Medi osutab professionaalset h\u00e4irenuputeenust, muid iseseisva turvalise elamise lahendusi, erinevaid \u00f5ekutses\u00fcsteeme hooldekodudele ja t\u00f6\u00f6taja turvalisuse lahendusi ettev\u00f5tetele.","publisher":{"@id":"https:\/\/www.medi.ee\/ru\/#organization"},"potentialAction":[{"@type":"SearchAction","target":{"@type":"EntryPoint","urlTemplate":"https:\/\/www.medi.ee\/ru\/?s={search_term_string}"},"query-input":{"@type":"PropertyValueSpecification","valueRequired":true,"valueName":"search_term_string"}}],"inLanguage":"ru-RU"},{"@type":"Organization","@id":"https:\/\/www.medi.ee\/ru\/#organization","name":"Medi.ee h\u00e4irenuputeenus","url":"https:\/\/www.medi.ee\/ru\/","logo":{"@type":"ImageObject","inLanguage":"ru-RU","@id":"https:\/\/www.medi.ee\/ru\/#\/schema\/logo\/image\/","url":"https:\/\/medi.ee\/wp-content\/uploads\/2025\/09\/medi-logo.jpg","contentUrl":"https:\/\/medi.ee\/wp-content\/uploads\/2025\/09\/medi-logo.jpg","width":600,"height":600,"caption":"Medi.ee h\u00e4irenuputeenus"},"image":{"@id":"https:\/\/www.medi.ee\/ru\/#\/schema\/logo\/image\/"},"sameAs":["https:\/\/www.facebook.com\/medi.ee","https:\/\/ee.linkedin.com\/company\/meditech-estonia","https:\/\/www.instagram.com\/medi.hairenupp\/"]}]}},"_links":{"self":[{"href":"https:\/\/www.medi.ee\/ru\/wp-json\/wp\/v2\/pages\/5660","targetHints":{"allow":["GET"]}}],"collection":[{"href":"https:\/\/www.medi.ee\/ru\/wp-json\/wp\/v2\/pages"}],"about":[{"href":"https:\/\/www.medi.ee\/ru\/wp-json\/wp\/v2\/types\/page"}],"author":[{"embeddable":true,"href":"https:\/\/www.medi.ee\/ru\/wp-json\/wp\/v2\/users\/1"}],"replies":[{"embeddable":true,"href":"https:\/\/www.medi.ee\/ru\/wp-json\/wp\/v2\/comments?post=5660"}],"version-history":[{"count":1,"href":"https:\/\/www.medi.ee\/ru\/wp-json\/wp\/v2\/pages\/5660\/revisions"}],"predecessor-version":[{"id":5661,"href":"https:\/\/www.medi.ee\/ru\/wp-json\/wp\/v2\/pages\/5660\/revisions\/5661"}],"up":[{"embeddable":true,"href":"https:\/\/www.medi.ee\/ru\/wp-json\/wp\/v2\/pages\/5709"}],"wp:attachment":[{"href":"https:\/\/www.medi.ee\/ru\/wp-json\/wp\/v2\/media?parent=5660"}],"curies":[{"name":"wp","href":"https:\/\/api.w.org\/{rel}","templated":true}]}}